{"id":100,"date":"2019-02-03T15:27:55","date_gmt":"2019-02-03T15:27:55","guid":{"rendered":"http:\/\/www.centromedicosanjose.cl\/?page_id=100"},"modified":"2025-11-07T22:01:19","modified_gmt":"2025-11-07T22:01:19","slug":"psicologia","status":"publish","type":"page","link":"https:\/\/www.centromedicomariquina.cl\/index.php\/psicologia\/","title":{"rendered":"Psicolog\u00eda"},"content":{"rendered":"\n<div class=\"wp-block-media-text alignwide is-stacked-on-mobile\" style=\"grid-template-columns:43% auto\"><figure class=\"wp-block-media-text__media\"><img loading=\"lazy\" decoding=\"async\" width=\"768\" height=\"1024\" src=\"http:\/\/www.centromedicosanjoseweb.com\/wp-content\/uploads\/2019\/06\/IMG-20190625-WA0076-768x1024.jpg\" alt=\"\" class=\"wp-image-931 size-full\" srcset=\"https:\/\/www.centromedicomariquina.cl\/wp-content\/uploads\/2019\/06\/IMG-20190625-WA0076.jpg 768w, https:\/\/www.centromedicomariquina.cl\/wp-content\/uploads\/2019\/06\/IMG-20190625-WA0076-225x300.jpg 225w\" sizes=\"auto, (max-width: 768px) 100vw, 768px\" \/><\/figure><div class=\"wp-block-media-text__content\">\n<p class=\"has-text-align-left has-light-green-cyan-background-color has-background\" style=\"font-size:12px\">Psic\u00f3loga Loreto Angulo Torrez: Titulada de la Universidad de La Frontera, Diplomado en Desarrollo Socioemocional y \u00e9tico, de la Pontificia Universidad Cat\u00f3lica de Chile; Diplomado en Intervenci\u00f3n cl\u00ednica en abuso sexual infantil, de la Universidad San Sebasti\u00e1n; Post\u00edtulo de Intervenci\u00f3n con ni\u00f1os, ni\u00f1as y adolescentes, de la Universidad de La Frontera y adem\u00e1s posee Especializaci\u00f3n en Psicolog\u00eda Jur\u00eddica y Forense tambi\u00e9n de la Universidad de La Frontera, Temuco. M\u00e1s de 10 a\u00f1os trabajando en el \u00e1mbito educacional y jur\u00eddico, actualmente se desempe\u00f1a como Consejera T\u00e9cnica del Juzgado de Letras de Panguipulli, asesorando al comit\u00e9 de jueces en tem\u00e1ticas de infancia y violencia intrafamiliar, entre otros. <\/p>\n<\/div><\/div>\n\n\n\n<p><\/p>\n\n\n\n<p>                                          El cuidado de nuestra salud mental es tan importante como el cuidado de nuestro cuerpo, de la misma forma en que visitamos a un m\u00e9dico cuando presentamos malestares f\u00edsicos para evitar que alg\u00fan cuadro se complique tambi\u00e9n podemos optar a atenci\u00f3n psicol\u00f3gica cuando comenzamos a sentir que la ansiedad se transforma en angustia o estamos viviendo momentos dif\u00edciles en que nos cuesta encontrar ayuda.<\/p>\n\n\n\n<p><\/p>\n\n\n\n<p>El objetivo de&nbsp;la atenci\u00f3n psicol\u00f3gica&nbsp;es conseguir el bienestar de nuestros pacientes otorgando estrategias que involucren a su conducta, emociones y situaciones, para&nbsp;lograr&nbsp;resolver&nbsp;los conflictos internos y externos&nbsp;que&nbsp;los traen a la consulta. De esta forma nuestros&nbsp;profesionales&nbsp;de la salud mental&nbsp;est\u00e1n&nbsp;altamente capacitados&nbsp;y&nbsp;se comprometen a la confidencialidad de la atenci\u00f3n,&nbsp;y la informaci\u00f3n,&nbsp;otorgando&nbsp;tratamientos&nbsp;para trastornos&nbsp;tales como:\u2022&nbsp;Ansiedad\u2022&nbsp;\u00c1nimo\u2022&nbsp;Terapia para el duelo\u2022&nbsp;Disfunciones sexuales\u2022&nbsp;Obesidad (derivada de otro especialista)\u2022&nbsp;Personalidad\u2022&nbsp;Desarrollo&nbsp;y resoluci\u00f3n de etapas vitales\u2022&nbsp;Conflictos del v\u00ednculo afectivo\u2022&nbsp;Adicciones\u2022&nbsp;Etc.<\/p>\n\n\n\n<p>Nuestra \u00e1rea de psicolog\u00eda cl\u00ednica&nbsp;est\u00e1&nbsp;orientada&nbsp;en atender consultas a Adultos, ni\u00f1os y adolescentes, manejando situaciones de complejidad entregando el mejor trato,&nbsp;servicio&nbsp;y confidencialidad con nuestros pacientes.<\/p>\n\n\n\n<div class=\"wp-block-media-text alignwide\" style=\"grid-template-columns:43% auto\"><figure class=\"wp-block-media-text__media\"><img loading=\"lazy\" decoding=\"async\" width=\"960\" height=\"1280\" src=\"https:\/\/www.centromedicosanjoseweb.com\/wp-content\/uploads\/2019\/02\/psicologa-paola-angulo-barrientos.jpeg\" alt=\"\" class=\"wp-image-280 size-full\" srcset=\"https:\/\/www.centromedicomariquina.cl\/wp-content\/uploads\/2019\/02\/psicologa-paola-angulo-barrientos.jpeg 960w, https:\/\/www.centromedicomariquina.cl\/wp-content\/uploads\/2019\/02\/psicologa-paola-angulo-barrientos-225x300.jpeg 225w, https:\/\/www.centromedicomariquina.cl\/wp-content\/uploads\/2019\/02\/psicologa-paola-angulo-barrientos-768x1024.jpeg 768w\" sizes=\"auto, (max-width: 960px) 100vw, 960px\" \/><\/figure><div class=\"wp-block-media-text__content\">\n<p class=\"has-vivid-green-cyan-background-color has-background has-small-font-size\">\n\nPsic\u00f3loga Paola Angulo Barrientos. Titulada de Universidad San Sebasti\u00e1n, Diplomado en psicolog\u00eda cl\u00ednica y de la salud. Especialista en psicoterapia cognitivo-conductual en tratamientos de depresi\u00f3n, ansiedad, fobias y estr\u00e9s. Terapia familiar y de parejas con enfoque sistemico. Desarrollo emocional infanto-juvenil. Experiencia en el \u00e1rea educacional, actualmente se desempe\u00f1a como psic\u00f3loga del Programa de Integraci\u00f3n escolar en escuelas de la comuna. Y en otros contextos cl\u00ednicos de atenci\u00f3n en centros de salud.\n\n<\/p>\n<\/div><\/div>\n\n\n\n<p><\/p>\n\n\n\n<p><strong>Recuerda que nuestras psic\u00f3logas atienden con FONASA y de forma particular, los bonos de atenci\u00f3n lo compras en nuestras dependencias sin necesidad de perder tiempo en otros lugares, lo que hace m\u00e1s f\u00e1cil y expedita tu atenci\u00f3n.<\/strong><\/p>\n\n\n\n<p><\/p>\n","protected":false},"excerpt":{"rendered":"<p>Psic\u00f3loga Loreto Angulo Torrez: Titulada de la Universidad de La Frontera, Diplomado en Desarrollo Socioemocional y \u00e9tico, de la Pontificia Universidad Cat\u00f3lica de Chile; Diplomado en Intervenci\u00f3n cl\u00ednica en abuso sexual infantil, de la Universidad San Sebasti\u00e1n; Post\u00edtulo de Intervenci\u00f3n con ni\u00f1os, ni\u00f1as y adolescentes, de la Universidad de La Frontera y adem\u00e1s posee Especializaci\u00f3n [&hellip;]<\/p>\n","protected":false},"author":1,"featured_media":0,"parent":0,"menu_order":0,"comment_status":"closed","ping_status":"closed","template":"","meta":{"spay_email":"","footnotes":""},"class_list":["post-100","page","type-page","status-publish","hentry"],"yoast_head":"<!-- This site is optimized with the Yoast SEO plugin v14.4.1 - https:\/\/yoast.com\/wordpress\/plugins\/seo\/ -->\n<title>Psicolog\u00eda - Centro M\u00e9dico y Odontol\u00f3gico San Jos\u00e9<\/title>\n<meta name=\"robots\" content=\"index, follow\" \/>\n<meta name=\"googlebot\" content=\"index, follow, max-snippet:-1, max-image-preview:large, max-video-preview:-1\" \/>\n<meta name=\"bingbot\" content=\"index, follow, max-snippet:-1, max-image-preview:large, max-video-preview:-1\" \/>\n<link rel=\"canonical\" href=\"https:\/\/www.centromedicomariquina.cl\/index.php\/psicologia\/\" \/>\n<meta property=\"og:locale\" content=\"es_ES\" \/>\n<meta property=\"og:type\" content=\"article\" \/>\n<meta property=\"og:title\" content=\"Psicolog\u00eda - Centro M\u00e9dico y Odontol\u00f3gico San Jos\u00e9\" \/>\n<meta property=\"og:description\" content=\"Psic\u00f3loga Loreto Angulo Torrez: Titulada de la Universidad de La Frontera, Diplomado en Desarrollo Socioemocional y \u00e9tico, de la Pontificia Universidad Cat\u00f3lica de Chile; Diplomado en Intervenci\u00f3n cl\u00ednica en abuso sexual infantil, de la Universidad San Sebasti\u00e1n; Post\u00edtulo de Intervenci\u00f3n con ni\u00f1os, ni\u00f1as y adolescentes, de la Universidad de La Frontera y adem\u00e1s posee Especializaci\u00f3n [&hellip;]\" \/>\n<meta property=\"og:url\" content=\"https:\/\/www.centromedicomariquina.cl\/index.php\/psicologia\/\" \/>\n<meta property=\"og:site_name\" content=\"Centro M\u00e9dico y Odontol\u00f3gico San Jos\u00e9\" \/>\n<meta property=\"article:modified_time\" content=\"2025-11-07T22:01:19+00:00\" \/>\n<meta property=\"og:image\" content=\"http:\/\/www.centromedicosanjoseweb.com\/wp-content\/uploads\/2019\/06\/IMG-20190625-WA0076-768x1024.jpg\" \/>\n<meta name=\"twitter:card\" content=\"summary_large_image\" \/>\n<script type=\"application\/ld+json\" class=\"yoast-schema-graph\">{\"@context\":\"https:\/\/schema.org\",\"@graph\":[{\"@type\":\"WebSite\",\"@id\":\"https:\/\/www.centromedicomariquina.cl\/#website\",\"url\":\"https:\/\/www.centromedicomariquina.cl\/\",\"name\":\"Centro M\\u00e9dico y Odontol\\u00f3gico San Jos\\u00e9\",\"description\":\"\",\"potentialAction\":[{\"@type\":\"SearchAction\",\"target\":\"https:\/\/www.centromedicomariquina.cl\/?s={search_term_string}\",\"query-input\":\"required name=search_term_string\"}],\"inLanguage\":\"es-CL\"},{\"@type\":\"ImageObject\",\"@id\":\"https:\/\/www.centromedicomariquina.cl\/index.php\/psicologia\/#primaryimage\",\"inLanguage\":\"es-CL\",\"url\":\"http:\/\/www.centromedicosanjoseweb.com\/wp-content\/uploads\/2019\/06\/IMG-20190625-WA0076-768x1024.jpg\"},{\"@type\":\"WebPage\",\"@id\":\"https:\/\/www.centromedicomariquina.cl\/index.php\/psicologia\/#webpage\",\"url\":\"https:\/\/www.centromedicomariquina.cl\/index.php\/psicologia\/\",\"name\":\"Psicolog\\u00eda - Centro M\\u00e9dico y Odontol\\u00f3gico San Jos\\u00e9\",\"isPartOf\":{\"@id\":\"https:\/\/www.centromedicomariquina.cl\/#website\"},\"primaryImageOfPage\":{\"@id\":\"https:\/\/www.centromedicomariquina.cl\/index.php\/psicologia\/#primaryimage\"},\"datePublished\":\"2019-02-03T15:27:55+00:00\",\"dateModified\":\"2025-11-07T22:01:19+00:00\",\"inLanguage\":\"es-CL\",\"potentialAction\":[{\"@type\":\"ReadAction\",\"target\":[\"https:\/\/www.centromedicomariquina.cl\/index.php\/psicologia\/\"]}]}]}<\/script>\n<!-- \/ Yoast SEO plugin. -->","jetpack_shortlink":"https:\/\/wp.me\/Pb2D0S-1C","jetpack_sharing_enabled":true,"_links":{"self":[{"href":"https:\/\/www.centromedicomariquina.cl\/index.php\/wp-json\/wp\/v2\/pages\/100","targetHints":{"allow":["GET"]}}],"collection":[{"href":"https:\/\/www.centromedicomariquina.cl\/index.php\/wp-json\/wp\/v2\/pages"}],"about":[{"href":"https:\/\/www.centromedicomariquina.cl\/index.php\/wp-json\/wp\/v2\/types\/page"}],"author":[{"embeddable":true,"href":"https:\/\/www.centromedicomariquina.cl\/index.php\/wp-json\/wp\/v2\/users\/1"}],"replies":[{"embeddable":true,"href":"https:\/\/www.centromedicomariquina.cl\/index.php\/wp-json\/wp\/v2\/comments?post=100"}],"version-history":[{"count":44,"href":"https:\/\/www.centromedicomariquina.cl\/index.php\/wp-json\/wp\/v2\/pages\/100\/revisions"}],"predecessor-version":[{"id":1211,"href":"https:\/\/www.centromedicomariquina.cl\/index.php\/wp-json\/wp\/v2\/pages\/100\/revisions\/1211"}],"wp:attachment":[{"href":"https:\/\/www.centromedicomariquina.cl\/index.php\/wp-json\/wp\/v2\/media?parent=100"}],"curies":[{"name":"wp","href":"https:\/\/api.w.org\/{rel}","templated":true}]}}