{"id":102,"date":"2019-02-03T15:28:23","date_gmt":"2019-02-03T15:28:23","guid":{"rendered":"http:\/\/www.centromedicosanjose.cl\/?page_id=102"},"modified":"2019-02-04T12:24:35","modified_gmt":"2019-02-04T12:24:35","slug":"nutricion","status":"publish","type":"page","link":"https:\/\/www.centromedicomariquina.cl\/index.php\/nutricion\/","title":{"rendered":"Nutrici\u00f3n"},"content":{"rendered":"\n<p>El \u00e1rea de Nutrici\u00f3n&nbsp;y Diet\u00e9tica del Centro M\u00e9dico y Odontol\u00f3gico San Jos\u00e9,&nbsp;se enfoca&nbsp;en atender&nbsp;los problemas de alimentaci\u00f3n y nutrici\u00f3n integral de nuestros pacientes&nbsp;y a su vez a&nbsp;prevenir&nbsp;patolog\u00edas&nbsp;y trastornos alimenticios y nutricionales&nbsp;comunes en personas que se encuentran sanas, esto a elecci\u00f3n del paciente integrado con nuestro equipo&nbsp;de kinesi\u00f3logas y m\u00e9dicos.&nbsp;<\/p>\n\n\n\n<p>Los profesionales de esta unidad est\u00e1n capacitados para otorgar el an\u00e1lisis de problem\u00e1ticas de alimentaci\u00f3n para luego realizar tratamientos sumamente efectivos y de confianza. Este procedimiento se realiza mediante chequeos&nbsp;con profesionales acorde a las necesidades del paciente y&nbsp;con efectos diet\u00e9ticos que efect\u00faan cambios f\u00edsicos y de h\u00e1bitos.<\/p>\n\n\n\n<p>Los campos de acci\u00f3n nutricional se enfocan en:\u2022&nbsp;An\u00e1lisis del estado nutricional integral\u2022&nbsp;Realizar chequeos de evaluaci\u00f3n f\u00edsica, de laboratorio e historia nutricional\u2022&nbsp;Concretar dise\u00f1o del tratamiento\u2022&nbsp;Seguimiento y consejos de nutrici\u00f3n\u2022&nbsp;Monitoreo del resultado<\/p>\n\n\n\n<p>Recuerda que&nbsp;nuestro nutricionista y profesionales afines&nbsp;atienden&nbsp;con FONASA y de forma particular y que el bono de atenci\u00f3n lo compras en nuestras dependencias sin necesidad de perder tiempo en otros lugares, lo que hace m\u00e1s f\u00e1cil y expedita nuestra atenci\u00f3n.<br><\/p>\n","protected":false},"excerpt":{"rendered":"<p>El \u00e1rea de Nutrici\u00f3n&nbsp;y Diet\u00e9tica del Centro M\u00e9dico y Odontol\u00f3gico San Jos\u00e9,&nbsp;se enfoca&nbsp;en atender&nbsp;los problemas de alimentaci\u00f3n y nutrici\u00f3n integral de nuestros pacientes&nbsp;y a su vez a&nbsp;prevenir&nbsp;patolog\u00edas&nbsp;y trastornos alimenticios y nutricionales&nbsp;comunes en personas que se encuentran sanas, esto a elecci\u00f3n del paciente integrado con nuestro equipo&nbsp;de kinesi\u00f3logas y m\u00e9dicos.&nbsp; Los profesionales de esta unidad est\u00e1n [&hellip;]<\/p>\n","protected":false},"author":1,"featured_media":0,"parent":0,"menu_order":0,"comment_status":"closed","ping_status":"closed","template":"","meta":{"spay_email":"","footnotes":""},"class_list":["post-102","page","type-page","status-publish","hentry"],"yoast_head":"<!-- This site is optimized with the Yoast SEO plugin v14.4.1 - https:\/\/yoast.com\/wordpress\/plugins\/seo\/ -->\n<title>Nutrici\u00f3n - Centro M\u00e9dico y Odontol\u00f3gico San Jos\u00e9<\/title>\n<meta name=\"robots\" content=\"index, follow\" \/>\n<meta name=\"googlebot\" content=\"index, follow, max-snippet:-1, max-image-preview:large, max-video-preview:-1\" \/>\n<meta name=\"bingbot\" content=\"index, follow, max-snippet:-1, max-image-preview:large, max-video-preview:-1\" \/>\n<link rel=\"canonical\" href=\"http:\/\/www.centromedicomariquina.cl\/index.php\/nutricion\/\" \/>\n<meta property=\"og:locale\" content=\"es_ES\" \/>\n<meta property=\"og:type\" content=\"article\" \/>\n<meta property=\"og:title\" content=\"Nutrici\u00f3n - Centro M\u00e9dico y Odontol\u00f3gico San Jos\u00e9\" \/>\n<meta property=\"og:description\" content=\"El \u00e1rea de Nutrici\u00f3n&nbsp;y Diet\u00e9tica del Centro M\u00e9dico y Odontol\u00f3gico San Jos\u00e9,&nbsp;se enfoca&nbsp;en atender&nbsp;los problemas de alimentaci\u00f3n y nutrici\u00f3n integral de nuestros pacientes&nbsp;y a su vez a&nbsp;prevenir&nbsp;patolog\u00edas&nbsp;y trastornos alimenticios y nutricionales&nbsp;comunes en personas que se encuentran sanas, esto a elecci\u00f3n del paciente integrado con nuestro equipo&nbsp;de kinesi\u00f3logas y m\u00e9dicos.&nbsp; Los profesionales de esta unidad est\u00e1n [&hellip;]\" \/>\n<meta property=\"og:url\" content=\"http:\/\/www.centromedicomariquina.cl\/index.php\/nutricion\/\" \/>\n<meta property=\"og:site_name\" content=\"Centro M\u00e9dico y Odontol\u00f3gico San Jos\u00e9\" \/>\n<meta property=\"article:modified_time\" content=\"2019-02-04T12:24:35+00:00\" \/>\n<meta name=\"twitter:card\" content=\"summary_large_image\" \/>\n<script type=\"application\/ld+json\" class=\"yoast-schema-graph\">{\"@context\":\"https:\/\/schema.org\",\"@graph\":[{\"@type\":\"WebSite\",\"@id\":\"https:\/\/www.centromedicomariquina.cl\/#website\",\"url\":\"https:\/\/www.centromedicomariquina.cl\/\",\"name\":\"Centro M\\u00e9dico y Odontol\\u00f3gico San Jos\\u00e9\",\"description\":\"\",\"potentialAction\":[{\"@type\":\"SearchAction\",\"target\":\"https:\/\/www.centromedicomariquina.cl\/?s={search_term_string}\",\"query-input\":\"required name=search_term_string\"}],\"inLanguage\":\"es-CL\"},{\"@type\":\"WebPage\",\"@id\":\"http:\/\/www.centromedicomariquina.cl\/index.php\/nutricion\/#webpage\",\"url\":\"http:\/\/www.centromedicomariquina.cl\/index.php\/nutricion\/\",\"name\":\"Nutrici\\u00f3n - Centro M\\u00e9dico y Odontol\\u00f3gico San Jos\\u00e9\",\"isPartOf\":{\"@id\":\"https:\/\/www.centromedicomariquina.cl\/#website\"},\"datePublished\":\"2019-02-03T15:28:23+00:00\",\"dateModified\":\"2019-02-04T12:24:35+00:00\",\"inLanguage\":\"es-CL\",\"potentialAction\":[{\"@type\":\"ReadAction\",\"target\":[\"http:\/\/www.centromedicomariquina.cl\/index.php\/nutricion\/\"]}]}]}<\/script>\n<!-- \/ Yoast SEO plugin. -->","jetpack_shortlink":"https:\/\/wp.me\/Pb2D0S-1E","jetpack_sharing_enabled":true,"_links":{"self":[{"href":"https:\/\/www.centromedicomariquina.cl\/index.php\/wp-json\/wp\/v2\/pages\/102","targetHints":{"allow":["GET"]}}],"collection":[{"href":"https:\/\/www.centromedicomariquina.cl\/index.php\/wp-json\/wp\/v2\/pages"}],"about":[{"href":"https:\/\/www.centromedicomariquina.cl\/index.php\/wp-json\/wp\/v2\/types\/page"}],"author":[{"embeddable":true,"href":"https:\/\/www.centromedicomariquina.cl\/index.php\/wp-json\/wp\/v2\/users\/1"}],"replies":[{"embeddable":true,"href":"https:\/\/www.centromedicomariquina.cl\/index.php\/wp-json\/wp\/v2\/comments?post=102"}],"version-history":[{"count":2,"href":"https:\/\/www.centromedicomariquina.cl\/index.php\/wp-json\/wp\/v2\/pages\/102\/revisions"}],"predecessor-version":[{"id":184,"href":"https:\/\/www.centromedicomariquina.cl\/index.php\/wp-json\/wp\/v2\/pages\/102\/revisions\/184"}],"wp:attachment":[{"href":"https:\/\/www.centromedicomariquina.cl\/index.php\/wp-json\/wp\/v2\/media?parent=102"}],"curies":[{"name":"wp","href":"https:\/\/api.w.org\/{rel}","templated":true}]}}