{"id":110,"date":"2019-02-03T15:29:48","date_gmt":"2019-02-03T15:29:48","guid":{"rendered":"http:\/\/www.centromedicosanjose.cl\/?page_id=110"},"modified":"2019-06-26T17:36:16","modified_gmt":"2019-06-26T17:36:16","slug":"toma-de-muestra-medicas","status":"publish","type":"page","link":"https:\/\/www.centromedicomariquina.cl\/index.php\/toma-de-muestra-medicas\/","title":{"rendered":"Toma de muestra m\u00e9dicas."},"content":{"rendered":"\n<figure class=\"wp-block-image is-resized\"><img loading=\"lazy\" decoding=\"async\" src=\"http:\/\/www.centromedicosanjoseweb.com\/wp-content\/uploads\/2019\/06\/35901379_186829988649506_196395991019028480_n.jpg\" alt=\"\" class=\"wp-image-759\" width=\"480\" height=\"320\" srcset=\"https:\/\/www.centromedicomariquina.cl\/wp-content\/uploads\/2019\/06\/35901379_186829988649506_196395991019028480_n.jpg 960w, https:\/\/www.centromedicomariquina.cl\/wp-content\/uploads\/2019\/06\/35901379_186829988649506_196395991019028480_n-300x200.jpg 300w, https:\/\/www.centromedicomariquina.cl\/wp-content\/uploads\/2019\/06\/35901379_186829988649506_196395991019028480_n-768x512.jpg 768w\" sizes=\"auto, (max-width: 480px) 100vw, 480px\" \/><\/figure>\n\n\n\n<p>Centro M\u00e9dico y Odontol\u00f3gico San Jos\u00e9, desde sus inicios ha mantenido una alianza con&nbsp;Quiolab Valdivia, laboratorio privado con reconocida trayectoria&nbsp;en la regi\u00f3n&nbsp;que nos permite realizar los an\u00e1lisis de las diferentes muestras que se toman d\u00eda a d\u00eda en nuestras dependencias&nbsp;en tiempo&nbsp;r\u00e9cord,&nbsp;entre 4 a 72 hrs. Estas van desde an\u00e1lisis de sangre a orina y heces.&nbsp;Quiolab&nbsp;nos&nbsp;proporciona&nbsp;an\u00e1lisis de calidad en forma oportuna y segura acorde a los est\u00e1ndares actuales, satisfaciendo las necesidades y expectativas de todos nuestros pacientes.&nbsp;<\/p>\n\n\n\n<p>EN EL SIGUIENTE LINK  PUEDES REVISAR TUS RESULTADOS ONLINE:  <br><a href=\"http:\/\/irisquiolab.ddns.net:8080\/irispaciente\/login_Nuevo.asp\">http:\/\/irisquiolab.ddns.net:8080\/irispaciente\/login_Nuevo.asp<\/a> <\/p>\n\n\n\n<p>Dentro de nuestros ex\u00e1menes se encuentran disponibles:<\/p>\n\n\n\n<p>\u2022&nbsp;Hematolog\u00eda\u2022&nbsp;Bioqu\u00edmicos\u2022&nbsp;Hormonas\u2022&nbsp;Inmunol\u00f3gicos\u2022&nbsp;Microbiolog\u00eda\u2022&nbsp;Deposiciones.<\/p>\n\n\n\n<p>Recuerda que&nbsp;la gran mayor\u00eda de los ex\u00e1menes de laboratorio son financiados&nbsp;por FONASA&nbsp;y que el bono de atenci\u00f3n lo compras&nbsp;directamente&nbsp;en nuestras dependencias sin necesidad de perder tiempo en otros lugares, lo que hace m\u00e1s f\u00e1cil y expedita nuestra atenci\u00f3n.<\/p>\n\n\n\n<figure class=\"wp-block-image is-resized\"><img loading=\"lazy\" decoding=\"async\" src=\"http:\/\/www.centromedicosanjoseweb.com\/wp-content\/uploads\/2019\/06\/Analisis-Clinico-Especialidad-Hematologia-Online_1_thumb.jpg\" alt=\"\" class=\"wp-image-634\" width=\"400\" height=\"225\" srcset=\"https:\/\/www.centromedicomariquina.cl\/wp-content\/uploads\/2019\/06\/Analisis-Clinico-Especialidad-Hematologia-Online_1_thumb.jpg 800w, https:\/\/www.centromedicomariquina.cl\/wp-content\/uploads\/2019\/06\/Analisis-Clinico-Especialidad-Hematologia-Online_1_thumb-300x169.jpg 300w, https:\/\/www.centromedicomariquina.cl\/wp-content\/uploads\/2019\/06\/Analisis-Clinico-Especialidad-Hematologia-Online_1_thumb-768x432.jpg 768w\" sizes=\"auto, (max-width: 400px) 100vw, 400px\" \/><\/figure>\n","protected":false},"excerpt":{"rendered":"<p>Centro M\u00e9dico y Odontol\u00f3gico San Jos\u00e9, desde sus inicios ha mantenido una alianza con&nbsp;Quiolab Valdivia, laboratorio privado con reconocida trayectoria&nbsp;en la regi\u00f3n&nbsp;que nos permite realizar los an\u00e1lisis de las diferentes muestras que se toman d\u00eda a d\u00eda en nuestras dependencias&nbsp;en tiempo&nbsp;r\u00e9cord,&nbsp;entre 4 a 72 hrs. Estas van desde an\u00e1lisis de sangre a orina y heces.&nbsp;Quiolab&nbsp;nos&nbsp;proporciona&nbsp;an\u00e1lisis [&hellip;]<\/p>\n","protected":false},"author":1,"featured_media":0,"parent":0,"menu_order":0,"comment_status":"closed","ping_status":"closed","template":"","meta":{"spay_email":"","footnotes":""},"class_list":["post-110","page","type-page","status-publish","hentry"],"yoast_head":"<!-- This site is optimized with the Yoast SEO plugin v14.4.1 - https:\/\/yoast.com\/wordpress\/plugins\/seo\/ -->\n<title>Toma de muestra m\u00e9dicas. - Centro M\u00e9dico y Odontol\u00f3gico San Jos\u00e9<\/title>\n<meta name=\"robots\" content=\"index, follow\" \/>\n<meta name=\"googlebot\" content=\"index, follow, max-snippet:-1, max-image-preview:large, max-video-preview:-1\" \/>\n<meta name=\"bingbot\" content=\"index, follow, max-snippet:-1, max-image-preview:large, max-video-preview:-1\" \/>\n<link rel=\"canonical\" href=\"https:\/\/www.centromedicomariquina.cl\/index.php\/toma-de-muestra-medicas\/\" \/>\n<meta property=\"og:locale\" content=\"es_ES\" \/>\n<meta property=\"og:type\" content=\"article\" \/>\n<meta property=\"og:title\" content=\"Toma de muestra m\u00e9dicas. - Centro M\u00e9dico y Odontol\u00f3gico San Jos\u00e9\" \/>\n<meta property=\"og:description\" content=\"Centro M\u00e9dico y Odontol\u00f3gico San Jos\u00e9, desde sus inicios ha mantenido una alianza con&nbsp;Quiolab Valdivia, laboratorio privado con reconocida trayectoria&nbsp;en la regi\u00f3n&nbsp;que nos permite realizar los an\u00e1lisis de las diferentes muestras que se toman d\u00eda a d\u00eda en nuestras dependencias&nbsp;en tiempo&nbsp;r\u00e9cord,&nbsp;entre 4 a 72 hrs. Estas van desde an\u00e1lisis de sangre a orina y heces.&nbsp;Quiolab&nbsp;nos&nbsp;proporciona&nbsp;an\u00e1lisis [&hellip;]\" \/>\n<meta property=\"og:url\" content=\"https:\/\/www.centromedicomariquina.cl\/index.php\/toma-de-muestra-medicas\/\" \/>\n<meta property=\"og:site_name\" content=\"Centro M\u00e9dico y Odontol\u00f3gico San Jos\u00e9\" \/>\n<meta property=\"article:modified_time\" content=\"2019-06-26T17:36:16+00:00\" \/>\n<meta property=\"og:image\" content=\"http:\/\/www.centromedicosanjoseweb.com\/wp-content\/uploads\/2019\/06\/35901379_186829988649506_196395991019028480_n.jpg\" \/>\n<meta name=\"twitter:card\" content=\"summary_large_image\" \/>\n<script type=\"application\/ld+json\" class=\"yoast-schema-graph\">{\"@context\":\"https:\/\/schema.org\",\"@graph\":[{\"@type\":\"WebSite\",\"@id\":\"https:\/\/www.centromedicomariquina.cl\/#website\",\"url\":\"https:\/\/www.centromedicomariquina.cl\/\",\"name\":\"Centro M\\u00e9dico y Odontol\\u00f3gico San Jos\\u00e9\",\"description\":\"\",\"potentialAction\":[{\"@type\":\"SearchAction\",\"target\":\"https:\/\/www.centromedicomariquina.cl\/?s={search_term_string}\",\"query-input\":\"required name=search_term_string\"}],\"inLanguage\":\"es-CL\"},{\"@type\":\"ImageObject\",\"@id\":\"https:\/\/www.centromedicomariquina.cl\/index.php\/toma-de-muestra-medicas\/#primaryimage\",\"inLanguage\":\"es-CL\",\"url\":\"http:\/\/www.centromedicosanjoseweb.com\/wp-content\/uploads\/2019\/06\/35901379_186829988649506_196395991019028480_n.jpg\"},{\"@type\":\"WebPage\",\"@id\":\"https:\/\/www.centromedicomariquina.cl\/index.php\/toma-de-muestra-medicas\/#webpage\",\"url\":\"https:\/\/www.centromedicomariquina.cl\/index.php\/toma-de-muestra-medicas\/\",\"name\":\"Toma de muestra m\\u00e9dicas. - Centro M\\u00e9dico y Odontol\\u00f3gico San Jos\\u00e9\",\"isPartOf\":{\"@id\":\"https:\/\/www.centromedicomariquina.cl\/#website\"},\"primaryImageOfPage\":{\"@id\":\"https:\/\/www.centromedicomariquina.cl\/index.php\/toma-de-muestra-medicas\/#primaryimage\"},\"datePublished\":\"2019-02-03T15:29:48+00:00\",\"dateModified\":\"2019-06-26T17:36:16+00:00\",\"inLanguage\":\"es-CL\",\"potentialAction\":[{\"@type\":\"ReadAction\",\"target\":[\"https:\/\/www.centromedicomariquina.cl\/index.php\/toma-de-muestra-medicas\/\"]}]}]}<\/script>\n<!-- \/ Yoast SEO plugin. -->","jetpack_shortlink":"https:\/\/wp.me\/Pb2D0S-1M","jetpack_sharing_enabled":true,"_links":{"self":[{"href":"https:\/\/www.centromedicomariquina.cl\/index.php\/wp-json\/wp\/v2\/pages\/110","targetHints":{"allow":["GET"]}}],"collection":[{"href":"https:\/\/www.centromedicomariquina.cl\/index.php\/wp-json\/wp\/v2\/pages"}],"about":[{"href":"https:\/\/www.centromedicomariquina.cl\/index.php\/wp-json\/wp\/v2\/types\/page"}],"author":[{"embeddable":true,"href":"https:\/\/www.centromedicomariquina.cl\/index.php\/wp-json\/wp\/v2\/users\/1"}],"replies":[{"embeddable":true,"href":"https:\/\/www.centromedicomariquina.cl\/index.php\/wp-json\/wp\/v2\/comments?post=110"}],"version-history":[{"count":7,"href":"https:\/\/www.centromedicomariquina.cl\/index.php\/wp-json\/wp\/v2\/pages\/110\/revisions"}],"predecessor-version":[{"id":1011,"href":"https:\/\/www.centromedicomariquina.cl\/index.php\/wp-json\/wp\/v2\/pages\/110\/revisions\/1011"}],"wp:attachment":[{"href":"https:\/\/www.centromedicomariquina.cl\/index.php\/wp-json\/wp\/v2\/media?parent=110"}],"curies":[{"name":"wp","href":"https:\/\/api.w.org\/{rel}","templated":true}]}}