{"id":1128,"date":"2020-05-05T03:13:06","date_gmt":"2020-05-05T03:13:06","guid":{"rendered":"http:\/\/www.centromedicomariquina.cl\/?page_id=1128"},"modified":"2020-05-06T18:28:54","modified_gmt":"2020-05-06T18:28:54","slug":"telemedicina","status":"publish","type":"page","link":"https:\/\/www.centromedicomariquina.cl\/index.php\/telemedicina\/","title":{"rendered":"TeleMedicina"},"content":{"rendered":"\n<p>La telemedicina es un recurso tecnol\u00f3gico que posibilita la optimizaci\u00f3n de los servicios de atenci\u00f3n en salud, ahorrando tiempo, dinero y facilitando el acceso a zonas distantes para tener atenci\u00f3n de profesionales de la salud, utilizando para ello las distintas plataformas de informaci\u00f3n con que cuenta nuestro Centro M\u00e9dico.<\/p>\n\n\n\n<p>Hemos puesto a su disposici\u00f3n una plataforma de Telemedicina o eSalud para ser utilizada con su SmartPhone Android la cual le permitir\u00e1 entre otras cosas realizar:<\/p>\n\n\n\n<ul class=\"wp-block-list\"><li>Registro de Paciente <\/li><li>Solicitud de Hora<\/li><li>Vista de Horas Solicitadas<\/li><li>Ingreso a Box Virtual por Video Conferencia.<\/li><li>Acceso a Recetas Digitales <\/li><\/ul>\n\n\n\n<p>Para obtener la App Telemedicina iaRobotics, debe ingresar a Google Play haciendo Click en la imagen.<\/p>\n\n\n\n<div class=\"wp-block-image\"><figure class=\"aligncenter size-large is-resized\"><a href=\"https:\/\/play.google.com\/store\/apps\/details?id=com.telemedicina.consultaremota\"><img loading=\"lazy\" decoding=\"async\" src=\"https:\/\/www.centromedicomariquina.cl\/wp-content\/uploads\/2020\/05\/googlePlay-1024x468.png\" alt=\"\" class=\"wp-image-1129\" width=\"174\" height=\"80\" srcset=\"https:\/\/www.centromedicomariquina.cl\/wp-content\/uploads\/2020\/05\/googlePlay-1024x468.png 1024w, https:\/\/www.centromedicomariquina.cl\/wp-content\/uploads\/2020\/05\/googlePlay-300x137.png 300w, https:\/\/www.centromedicomariquina.cl\/wp-content\/uploads\/2020\/05\/googlePlay-768x351.png 768w, https:\/\/www.centromedicomariquina.cl\/wp-content\/uploads\/2020\/05\/googlePlay.png 1160w\" sizes=\"auto, (max-width: 174px) 100vw, 174px\" \/><\/a><\/figure><\/div>\n","protected":false},"excerpt":{"rendered":"<p>La telemedicina es un recurso tecnol\u00f3gico que posibilita la optimizaci\u00f3n de los servicios de atenci\u00f3n en salud, ahorrando tiempo, dinero y facilitando el acceso a zonas distantes para tener atenci\u00f3n de profesionales de la salud, utilizando para ello las distintas plataformas de informaci\u00f3n con que cuenta nuestro Centro M\u00e9dico. Hemos puesto a su disposici\u00f3n una [&hellip;]<\/p>\n","protected":false},"author":1,"featured_media":0,"parent":0,"menu_order":0,"comment_status":"closed","ping_status":"closed","template":"","meta":{"spay_email":"","footnotes":""},"class_list":["post-1128","page","type-page","status-publish","hentry"],"yoast_head":"<!-- This site is optimized with the Yoast SEO plugin v14.4.1 - https:\/\/yoast.com\/wordpress\/plugins\/seo\/ -->\n<title>TeleMedicina - Centro M\u00e9dico y Odontol\u00f3gico San Jos\u00e9<\/title>\n<meta name=\"robots\" content=\"index, follow\" \/>\n<meta name=\"googlebot\" content=\"index, follow, max-snippet:-1, max-image-preview:large, max-video-preview:-1\" \/>\n<meta name=\"bingbot\" content=\"index, follow, max-snippet:-1, max-image-preview:large, max-video-preview:-1\" \/>\n<link rel=\"canonical\" href=\"https:\/\/www.centromedicomariquina.cl\/index.php\/telemedicina\/\" \/>\n<meta property=\"og:locale\" content=\"es_ES\" \/>\n<meta property=\"og:type\" content=\"article\" \/>\n<meta property=\"og:title\" content=\"TeleMedicina iaRobotics\" \/>\n<meta property=\"og:description\" content=\"Aplicaci\u00f3n integrada con nuestro Centro M\u00e9dico para realizaci\u00f3n de consultas remotas.\" \/>\n<meta property=\"og:url\" content=\"https:\/\/www.centromedicomariquina.cl\/index.php\/telemedicina\/\" \/>\n<meta property=\"og:site_name\" content=\"Centro M\u00e9dico y Odontol\u00f3gico San Jos\u00e9\" \/>\n<meta property=\"article:modified_time\" content=\"2020-05-06T18:28:54+00:00\" \/>\n<meta property=\"og:image\" content=\"https:\/\/www.centromedicomariquina.cl\/wp-content\/uploads\/2020\/05\/heart-214011_1920.jpg\" \/>\n\t<meta property=\"og:image:width\" content=\"1920\" \/>\n\t<meta property=\"og:image:height\" content=\"1152\" \/>\n<meta name=\"twitter:card\" content=\"summary_large_image\" \/>\n<script type=\"application\/ld+json\" class=\"yoast-schema-graph\">{\"@context\":\"https:\/\/schema.org\",\"@graph\":[{\"@type\":\"WebSite\",\"@id\":\"https:\/\/www.centromedicomariquina.cl\/#website\",\"url\":\"https:\/\/www.centromedicomariquina.cl\/\",\"name\":\"Centro M\\u00e9dico y Odontol\\u00f3gico San Jos\\u00e9\",\"description\":\"\",\"potentialAction\":[{\"@type\":\"SearchAction\",\"target\":\"https:\/\/www.centromedicomariquina.cl\/?s={search_term_string}\",\"query-input\":\"required name=search_term_string\"}],\"inLanguage\":\"es-CL\"},{\"@type\":\"ImageObject\",\"@id\":\"https:\/\/www.centromedicomariquina.cl\/index.php\/telemedicina\/#primaryimage\",\"inLanguage\":\"es-CL\",\"url\":\"https:\/\/www.centromedicomariquina.cl\/wp-content\/uploads\/2020\/05\/googlePlay.png\",\"width\":1160,\"height\":530},{\"@type\":\"WebPage\",\"@id\":\"https:\/\/www.centromedicomariquina.cl\/index.php\/telemedicina\/#webpage\",\"url\":\"https:\/\/www.centromedicomariquina.cl\/index.php\/telemedicina\/\",\"name\":\"TeleMedicina - Centro M\\u00e9dico y Odontol\\u00f3gico San Jos\\u00e9\",\"isPartOf\":{\"@id\":\"https:\/\/www.centromedicomariquina.cl\/#website\"},\"primaryImageOfPage\":{\"@id\":\"https:\/\/www.centromedicomariquina.cl\/index.php\/telemedicina\/#primaryimage\"},\"datePublished\":\"2020-05-05T03:13:06+00:00\",\"dateModified\":\"2020-05-06T18:28:54+00:00\",\"inLanguage\":\"es-CL\",\"potentialAction\":[{\"@type\":\"ReadAction\",\"target\":[\"https:\/\/www.centromedicomariquina.cl\/index.php\/telemedicina\/\"]}]}]}<\/script>\n<!-- \/ Yoast SEO plugin. -->","jetpack_shortlink":"https:\/\/wp.me\/Pb2D0S-ic","jetpack_sharing_enabled":true,"_links":{"self":[{"href":"https:\/\/www.centromedicomariquina.cl\/index.php\/wp-json\/wp\/v2\/pages\/1128","targetHints":{"allow":["GET"]}}],"collection":[{"href":"https:\/\/www.centromedicomariquina.cl\/index.php\/wp-json\/wp\/v2\/pages"}],"about":[{"href":"https:\/\/www.centromedicomariquina.cl\/index.php\/wp-json\/wp\/v2\/types\/page"}],"author":[{"embeddable":true,"href":"https:\/\/www.centromedicomariquina.cl\/index.php\/wp-json\/wp\/v2\/users\/1"}],"replies":[{"embeddable":true,"href":"https:\/\/www.centromedicomariquina.cl\/index.php\/wp-json\/wp\/v2\/comments?post=1128"}],"version-history":[{"count":3,"href":"https:\/\/www.centromedicomariquina.cl\/index.php\/wp-json\/wp\/v2\/pages\/1128\/revisions"}],"predecessor-version":[{"id":1149,"href":"https:\/\/www.centromedicomariquina.cl\/index.php\/wp-json\/wp\/v2\/pages\/1128\/revisions\/1149"}],"wp:attachment":[{"href":"https:\/\/www.centromedicomariquina.cl\/index.php\/wp-json\/wp\/v2\/media?parent=1128"}],"curies":[{"name":"wp","href":"https:\/\/api.w.org\/{rel}","templated":true}]}}