{"id":133,"date":"2019-02-03T16:02:02","date_gmt":"2019-02-03T16:02:02","guid":{"rendered":"http:\/\/www.centromedicosanjose.cl\/?page_id=133"},"modified":"2022-06-09T13:10:43","modified_gmt":"2022-06-09T13:10:43","slug":"profesionales","status":"publish","type":"page","link":"https:\/\/www.centromedicomariquina.cl\/index.php\/profesionales\/","title":{"rendered":"Profesionales"},"content":{"rendered":"\n<p>Dr Gonzalo P\u00e9rez, Cirujano dentista, Especialista en Endodoncia. <br><br><br><br><\/p>\n\n\n\n<p>Kinesi\u00f3loga Miguel Carrillo.<br><br><\/p>\n\n\n\n<div class=\"wp-block-image\"><figure class=\"aligncenter is-resized\"><img loading=\"lazy\" decoding=\"async\" src=\"http:\/\/www.centromedicosanjose.cl\/wp-content\/uploads\/2019\/02\/podologa-ximena-rivas-176x300.jpeg\" alt=\"\" class=\"wp-image-279\" width=\"251\" height=\"428\" srcset=\"https:\/\/www.centromedicomariquina.cl\/wp-content\/uploads\/2019\/02\/podologa-ximena-rivas-176x300.jpeg 176w, https:\/\/www.centromedicomariquina.cl\/wp-content\/uploads\/2019\/02\/podologa-ximena-rivas-602x1024.jpeg 602w, https:\/\/www.centromedicomariquina.cl\/wp-content\/uploads\/2019\/02\/podologa-ximena-rivas.jpeg 662w\" sizes=\"auto, (max-width: 251px) 100vw, 251px\" \/><\/figure><\/div>\n\n\n\n<p class=\"has-text-align-center\">Pod\u00f3loga Ximena Rivas.<br><br><\/p>\n\n\n\n<div class=\"wp-block-image\"><figure class=\"aligncenter\"><img loading=\"lazy\" decoding=\"async\" width=\"225\" height=\"300\" src=\"http:\/\/www.centromedicosanjose.cl\/wp-content\/uploads\/2019\/02\/psicologa-paola-angulo-barrientos-225x300.jpeg\" alt=\"\" class=\"wp-image-280\" srcset=\"https:\/\/www.centromedicomariquina.cl\/wp-content\/uploads\/2019\/02\/psicologa-paola-angulo-barrientos-225x300.jpeg 225w, https:\/\/www.centromedicomariquina.cl\/wp-content\/uploads\/2019\/02\/psicologa-paola-angulo-barrientos-768x1024.jpeg 768w, https:\/\/www.centromedicomariquina.cl\/wp-content\/uploads\/2019\/02\/psicologa-paola-angulo-barrientos.jpeg 960w\" sizes=\"auto, (max-width: 225px) 100vw, 225px\" \/><\/figure><\/div>\n\n\n\n<p class=\"has-text-align-center\">Psic\u00f3loga Paola Angulo.<br><br><br><br><br><br><\/p>\n\n\n\n<div class=\"wp-block-image\"><figure class=\"aligncenter is-resized\"><img loading=\"lazy\" decoding=\"async\" src=\"http:\/\/www.centromedicosanjoseweb.com\/wp-content\/uploads\/2019\/06\/DSC03313-1024x575.jpg\" alt=\"\" class=\"wp-image-868\" width=\"512\" height=\"288\" srcset=\"https:\/\/www.centromedicomariquina.cl\/wp-content\/uploads\/2019\/06\/DSC03313-1024x575.jpg 1024w, https:\/\/www.centromedicomariquina.cl\/wp-content\/uploads\/2019\/06\/DSC03313-300x169.jpg 300w, https:\/\/www.centromedicomariquina.cl\/wp-content\/uploads\/2019\/06\/DSC03313-768x432.jpg 768w, https:\/\/www.centromedicomariquina.cl\/wp-content\/uploads\/2019\/06\/DSC03313-800x450.jpg 800w, https:\/\/www.centromedicomariquina.cl\/wp-content\/uploads\/2019\/06\/DSC03313-620x349.jpg 620w, https:\/\/www.centromedicomariquina.cl\/wp-content\/uploads\/2019\/06\/DSC03313-400x225.jpg 400w, https:\/\/www.centromedicomariquina.cl\/wp-content\/uploads\/2019\/06\/DSC03313.jpg 1228w\" sizes=\"auto, (max-width: 512px) 100vw, 512px\" \/><figcaption>Matr\u00f3n Benito Rivera.<\/figcaption><\/figure><\/div>\n\n\n\n<p>Kinesi\u00f3loga Yeniser Trecan.<br><br><\/p>\n\n\n\n<p><\/p>\n","protected":false},"excerpt":{"rendered":"<p>Dr Gonzalo P\u00e9rez, Cirujano dentista, Especialista en Endodoncia. Kinesi\u00f3loga Miguel Carrillo. Pod\u00f3loga Ximena Rivas. Psic\u00f3loga Paola Angulo. Kinesi\u00f3loga Yeniser Trecan.<\/p>\n","protected":false},"author":1,"featured_media":0,"parent":0,"menu_order":0,"comment_status":"closed","ping_status":"closed","template":"","meta":{"spay_email":"","footnotes":""},"class_list":["post-133","page","type-page","status-publish","hentry"],"yoast_head":"<!-- This site is optimized with the Yoast SEO plugin v14.4.1 - https:\/\/yoast.com\/wordpress\/plugins\/seo\/ -->\n<title>Profesionales - Centro M\u00e9dico y Odontol\u00f3gico San Jos\u00e9<\/title>\n<meta name=\"robots\" content=\"index, follow\" \/>\n<meta name=\"googlebot\" content=\"index, follow, max-snippet:-1, max-image-preview:large, max-video-preview:-1\" \/>\n<meta name=\"bingbot\" content=\"index, follow, max-snippet:-1, max-image-preview:large, max-video-preview:-1\" \/>\n<link rel=\"canonical\" href=\"http:\/\/www.centromedicomariquina.cl\/index.php\/profesionales\/\" \/>\n<meta property=\"og:locale\" content=\"es_ES\" \/>\n<meta property=\"og:type\" content=\"article\" \/>\n<meta property=\"og:title\" content=\"Profesionales - Centro M\u00e9dico y Odontol\u00f3gico San Jos\u00e9\" \/>\n<meta property=\"og:description\" content=\"Dr Gonzalo P\u00e9rez, Cirujano dentista, Especialista en Endodoncia. Kinesi\u00f3loga Miguel Carrillo. Pod\u00f3loga Ximena Rivas. Psic\u00f3loga Paola Angulo. Kinesi\u00f3loga Yeniser Trecan.\" \/>\n<meta property=\"og:url\" content=\"http:\/\/www.centromedicomariquina.cl\/index.php\/profesionales\/\" \/>\n<meta property=\"og:site_name\" content=\"Centro M\u00e9dico y Odontol\u00f3gico San Jos\u00e9\" \/>\n<meta property=\"article:modified_time\" content=\"2022-06-09T13:10:43+00:00\" \/>\n<meta property=\"og:image\" content=\"http:\/\/www.centromedicosanjose.cl\/wp-content\/uploads\/2019\/02\/podologa-ximena-rivas-176x300.jpeg\" \/>\n<meta name=\"twitter:card\" content=\"summary_large_image\" \/>\n<script type=\"application\/ld+json\" class=\"yoast-schema-graph\">{\"@context\":\"https:\/\/schema.org\",\"@graph\":[{\"@type\":\"WebSite\",\"@id\":\"https:\/\/www.centromedicomariquina.cl\/#website\",\"url\":\"https:\/\/www.centromedicomariquina.cl\/\",\"name\":\"Centro M\\u00e9dico y Odontol\\u00f3gico San Jos\\u00e9\",\"description\":\"\",\"potentialAction\":[{\"@type\":\"SearchAction\",\"target\":\"https:\/\/www.centromedicomariquina.cl\/?s={search_term_string}\",\"query-input\":\"required name=search_term_string\"}],\"inLanguage\":\"es-CL\"},{\"@type\":\"ImageObject\",\"@id\":\"http:\/\/www.centromedicomariquina.cl\/index.php\/profesionales\/#primaryimage\",\"inLanguage\":\"es-CL\",\"url\":\"http:\/\/www.centromedicosanjose.cl\/wp-content\/uploads\/2019\/02\/podologa-ximena-rivas-176x300.jpeg\"},{\"@type\":\"WebPage\",\"@id\":\"http:\/\/www.centromedicomariquina.cl\/index.php\/profesionales\/#webpage\",\"url\":\"http:\/\/www.centromedicomariquina.cl\/index.php\/profesionales\/\",\"name\":\"Profesionales - Centro M\\u00e9dico y Odontol\\u00f3gico San Jos\\u00e9\",\"isPartOf\":{\"@id\":\"https:\/\/www.centromedicomariquina.cl\/#website\"},\"primaryImageOfPage\":{\"@id\":\"http:\/\/www.centromedicomariquina.cl\/index.php\/profesionales\/#primaryimage\"},\"datePublished\":\"2019-02-03T16:02:02+00:00\",\"dateModified\":\"2022-06-09T13:10:43+00:00\",\"inLanguage\":\"es-CL\",\"potentialAction\":[{\"@type\":\"ReadAction\",\"target\":[\"http:\/\/www.centromedicomariquina.cl\/index.php\/profesionales\/\"]}]}]}<\/script>\n<!-- \/ Yoast SEO plugin. -->","jetpack_shortlink":"https:\/\/wp.me\/Pb2D0S-29","jetpack_sharing_enabled":true,"_links":{"self":[{"href":"https:\/\/www.centromedicomariquina.cl\/index.php\/wp-json\/wp\/v2\/pages\/133","targetHints":{"allow":["GET"]}}],"collection":[{"href":"https:\/\/www.centromedicomariquina.cl\/index.php\/wp-json\/wp\/v2\/pages"}],"about":[{"href":"https:\/\/www.centromedicomariquina.cl\/index.php\/wp-json\/wp\/v2\/types\/page"}],"author":[{"embeddable":true,"href":"https:\/\/www.centromedicomariquina.cl\/index.php\/wp-json\/wp\/v2\/users\/1"}],"replies":[{"embeddable":true,"href":"https:\/\/www.centromedicomariquina.cl\/index.php\/wp-json\/wp\/v2\/comments?post=133"}],"version-history":[{"count":18,"href":"https:\/\/www.centromedicomariquina.cl\/index.php\/wp-json\/wp\/v2\/pages\/133\/revisions"}],"predecessor-version":[{"id":1185,"href":"https:\/\/www.centromedicomariquina.cl\/index.php\/wp-json\/wp\/v2\/pages\/133\/revisions\/1185"}],"wp:attachment":[{"href":"https:\/\/www.centromedicomariquina.cl\/index.php\/wp-json\/wp\/v2\/media?parent=133"}],"curies":[{"name":"wp","href":"https:\/\/api.w.org\/{rel}","templated":true}]}}