{"id":146,"date":"2019-02-03T16:06:45","date_gmt":"2019-02-03T16:06:45","guid":{"rendered":"http:\/\/www.centromedicosanjose.cl\/?page_id=146"},"modified":"2019-06-07T00:33:14","modified_gmt":"2019-06-07T00:33:14","slug":"inicio","status":"publish","type":"page","link":"https:\/\/www.centromedicomariquina.cl\/","title":{"rendered":"Inicio"},"content":{"rendered":"\n<div class=\"alignnormal\"><div id=\"metaslider-id-542\" style=\"width: 100%; margin: 0 auto;\" class=\"ml-slider-3-16-4 metaslider metaslider-flex metaslider-542 ml-slider\">\n    <div id=\"metaslider_container_542\">\n        <div id=\"metaslider_542\">\n            <ul aria-live=\"polite\" class=\"slides\">\n                <li style=\"display: block; width: 100%;\" class=\"slide-1146 ms-image\"><a href=\"https:\/\/play.google.com\/store\/apps\/details?id=com.telemedicina.consultaremota\" target=\"_self\"><img loading=\"lazy\" decoding=\"async\" src=\"https:\/\/www.centromedicomariquina.cl\/wp-content\/uploads\/2020\/05\/VitrinaApp-800x450.png\" height=\"450\" width=\"800\" alt=\"\" class=\"slider-542 slide-1146\" title=\"VitrinaApp\" \/><\/a><\/li>\n                <li style=\"display: none; width: 100%;\" class=\"slide-684 ms-image\"><img loading=\"lazy\" decoding=\"async\" src=\"https:\/\/www.centromedicomariquina.cl\/wp-content\/uploads\/2019\/05\/DSC03337-800x450.jpg\" height=\"450\" width=\"800\" alt=\"\" class=\"slider-542 slide-684\" title=\"DSC03337\" \/><\/li>\n                <li style=\"display: none; width: 100%;\" class=\"slide-687 ms-image\"><img loading=\"lazy\" decoding=\"async\" src=\"https:\/\/www.centromedicomariquina.cl\/wp-content\/uploads\/2019\/05\/DSC03352-800x450.jpg\" height=\"450\" width=\"800\" alt=\"\" class=\"slider-542 slide-687\" title=\"DSC03352\" \/><\/li>\n                <li style=\"display: none; width: 100%;\" class=\"slide-880 ms-image\"><img loading=\"lazy\" decoding=\"async\" src=\"https:\/\/www.centromedicomariquina.cl\/wp-content\/uploads\/2019\/06\/7-fases-ortodoncia-640x300-533x300.jpg\" height=\"450\" width=\"800\" alt=\"\" class=\"slider-542 slide-880\" title=\"7-fases-ortodoncia-640x300\" \/><\/li>\n                <li style=\"display: none; width: 100%;\" class=\"slide-881 ms-image\"><img loading=\"lazy\" decoding=\"async\" src=\"https:\/\/www.centromedicomariquina.cl\/wp-content\/uploads\/2019\/06\/Analisis-Clinico-Especialidad-Hematologia-Online_1_thumb.jpg\" height=\"450\" width=\"800\" alt=\"\" class=\"slider-542 slide-881\" title=\"Analisis-Clinico-Especialidad-Hematologia-Online_1_thumb\" \/><\/li>\n                <li style=\"display: none; width: 100%;\" class=\"slide-882 ms-image\"><img loading=\"lazy\" decoding=\"async\" src=\"https:\/\/www.centromedicomariquina.cl\/wp-content\/uploads\/2019\/06\/DSC03313-800x450.jpg\" height=\"450\" width=\"800\" alt=\"\" class=\"slider-542 slide-882\" title=\"DSC03313\" \/><\/li>\n            <\/ul>\n        <\/div>\n        \n    <\/div>\n<\/div><\/div>\n","protected":false},"excerpt":{"rendered":"","protected":false},"author":1,"featured_media":0,"parent":0,"menu_order":0,"comment_status":"closed","ping_status":"closed","template":"","meta":{"spay_email":"","footnotes":""},"class_list":["post-146","page","type-page","status-publish","hentry"],"yoast_head":"<!-- This site is optimized with the Yoast SEO plugin v14.4.1 - https:\/\/yoast.com\/wordpress\/plugins\/seo\/ -->\n<title>Inicio - Centro M\u00e9dico y Odontol\u00f3gico San Jos\u00e9<\/title>\n<meta name=\"robots\" content=\"index, follow\" \/>\n<meta name=\"googlebot\" content=\"index, follow, max-snippet:-1, max-image-preview:large, max-video-preview:-1\" \/>\n<meta name=\"bingbot\" content=\"index, follow, max-snippet:-1, max-image-preview:large, max-video-preview:-1\" \/>\n<link rel=\"canonical\" href=\"https:\/\/www.centromedicomariquina.cl\/\" \/>\n<meta property=\"og:locale\" content=\"es_ES\" \/>\n<meta property=\"og:type\" content=\"article\" \/>\n<meta property=\"og:title\" content=\"Inicio - Centro M\u00e9dico y Odontol\u00f3gico San Jos\u00e9\" \/>\n<meta property=\"og:url\" content=\"https:\/\/www.centromedicomariquina.cl\/\" \/>\n<meta property=\"og:site_name\" content=\"Centro M\u00e9dico y Odontol\u00f3gico San Jos\u00e9\" \/>\n<meta property=\"article:modified_time\" content=\"2019-06-07T00:33:14+00:00\" \/>\n<meta name=\"twitter:card\" content=\"summary_large_image\" \/>\n<script type=\"application\/ld+json\" class=\"yoast-schema-graph\">{\"@context\":\"https:\/\/schema.org\",\"@graph\":[{\"@type\":\"WebSite\",\"@id\":\"https:\/\/www.centromedicomariquina.cl\/#website\",\"url\":\"https:\/\/www.centromedicomariquina.cl\/\",\"name\":\"Centro M\\u00e9dico y Odontol\\u00f3gico San Jos\\u00e9\",\"description\":\"\",\"potentialAction\":[{\"@type\":\"SearchAction\",\"target\":\"https:\/\/www.centromedicomariquina.cl\/?s={search_term_string}\",\"query-input\":\"required name=search_term_string\"}],\"inLanguage\":\"es-CL\"},{\"@type\":\"WebPage\",\"@id\":\"https:\/\/www.centromedicomariquina.cl\/#webpage\",\"url\":\"https:\/\/www.centromedicomariquina.cl\/\",\"name\":\"Inicio - Centro M\\u00e9dico y Odontol\\u00f3gico San Jos\\u00e9\",\"isPartOf\":{\"@id\":\"https:\/\/www.centromedicomariquina.cl\/#website\"},\"datePublished\":\"2019-02-03T16:06:45+00:00\",\"dateModified\":\"2019-06-07T00:33:14+00:00\",\"inLanguage\":\"es-CL\",\"potentialAction\":[{\"@type\":\"ReadAction\",\"target\":[\"https:\/\/www.centromedicomariquina.cl\/\"]}]}]}<\/script>\n<!-- \/ Yoast SEO plugin. -->","jetpack_shortlink":"https:\/\/wp.me\/Pb2D0S-2m","jetpack_sharing_enabled":true,"_links":{"self":[{"href":"https:\/\/www.centromedicomariquina.cl\/index.php\/wp-json\/wp\/v2\/pages\/146","targetHints":{"allow":["GET"]}}],"collection":[{"href":"https:\/\/www.centromedicomariquina.cl\/index.php\/wp-json\/wp\/v2\/pages"}],"about":[{"href":"https:\/\/www.centromedicomariquina.cl\/index.php\/wp-json\/wp\/v2\/types\/page"}],"author":[{"embeddable":true,"href":"https:\/\/www.centromedicomariquina.cl\/index.php\/wp-json\/wp\/v2\/users\/1"}],"replies":[{"embeddable":true,"href":"https:\/\/www.centromedicomariquina.cl\/index.php\/wp-json\/wp\/v2\/comments?post=146"}],"version-history":[{"count":9,"href":"https:\/\/www.centromedicomariquina.cl\/index.php\/wp-json\/wp\/v2\/pages\/146\/revisions"}],"predecessor-version":[{"id":690,"href":"https:\/\/www.centromedicomariquina.cl\/index.php\/wp-json\/wp\/v2\/pages\/146\/revisions\/690"}],"wp:attachment":[{"href":"https:\/\/www.centromedicomariquina.cl\/index.php\/wp-json\/wp\/v2\/media?parent=146"}],"curies":[{"name":"wp","href":"https:\/\/api.w.org\/{rel}","templated":true}]}}