{"id":181,"date":"2019-02-04T12:21:50","date_gmt":"2019-02-04T12:21:50","guid":{"rendered":"http:\/\/www.centromedicosanjose.cl\/?page_id=181"},"modified":"2019-02-04T12:21:50","modified_gmt":"2019-02-04T12:21:50","slug":"maternidad","status":"publish","type":"page","link":"https:\/\/www.centromedicomariquina.cl\/index.php\/maternidad\/","title":{"rendered":"Maternidad"},"content":{"rendered":"\n<p>Para&nbsp;poder&nbsp;llegar al momento del parto en las mejores condiciones, es importante que&nbsp;tanto la mujer&nbsp;y el futuro bebe reciban&nbsp;los cuidados y controles necesarios&nbsp;seg\u00fan cada etapa de desarrollo fetal, en los que se puedan identificar o descartar patolog\u00edas, as\u00ed como controlar el correcto desarrollo del feto. De esta forma contamos con un programa de control completo del ciclo de embarazo, garantizando la intimidad, y confidencialidad del cuidado y la informaci\u00f3n de nuestras pacientes y acompa\u00f1antes.&nbsp;<\/p>\n\n\n\n<p>Centro M\u00e9dico y Odontol\u00f3gico San Jos\u00e9 ofrece a su disposici\u00f3n&nbsp;atenci\u00f3n de alta calidad a nivel ambulatorio con instalaciones acorde a las necesidades de nuestros pacientes.&nbsp;<\/p>\n\n\n\n<p>Las atenciones con el Matr\u00f3n Benito Rivera son solo de car\u00e1cter particular y tienen los siguientes valores:&nbsp;<\/p>\n\n\n\n<p>Consulta:12.000<\/p>\n\n\n\n<p>Consulta + ecograf\u00eda 2D: 15.000<\/p>\n\n\n\n<p>Consulta + ecograf\u00eda 3D + informe y env\u00edo de im\u00e1genes: 18.000<br><\/p>\n","protected":false},"excerpt":{"rendered":"<p>Para&nbsp;poder&nbsp;llegar al momento del parto en las mejores condiciones, es importante que&nbsp;tanto la mujer&nbsp;y el futuro bebe reciban&nbsp;los cuidados y controles necesarios&nbsp;seg\u00fan cada etapa de desarrollo fetal, en los que se puedan identificar o descartar patolog\u00edas, as\u00ed como controlar el correcto desarrollo del feto. De esta forma contamos con un programa de control completo del [&hellip;]<\/p>\n","protected":false},"author":1,"featured_media":0,"parent":0,"menu_order":0,"comment_status":"closed","ping_status":"closed","template":"","meta":{"spay_email":"","footnotes":""},"class_list":["post-181","page","type-page","status-publish","hentry"],"yoast_head":"<!-- This site is optimized with the Yoast SEO plugin v14.4.1 - https:\/\/yoast.com\/wordpress\/plugins\/seo\/ -->\n<title>Maternidad - Centro M\u00e9dico y Odontol\u00f3gico San Jos\u00e9<\/title>\n<meta name=\"robots\" content=\"index, follow\" \/>\n<meta name=\"googlebot\" content=\"index, follow, max-snippet:-1, max-image-preview:large, max-video-preview:-1\" \/>\n<meta name=\"bingbot\" content=\"index, follow, max-snippet:-1, max-image-preview:large, max-video-preview:-1\" \/>\n<link rel=\"canonical\" href=\"http:\/\/www.centromedicomariquina.cl\/index.php\/maternidad\/\" \/>\n<meta property=\"og:locale\" content=\"es_ES\" \/>\n<meta property=\"og:type\" content=\"article\" \/>\n<meta property=\"og:title\" content=\"Maternidad - Centro M\u00e9dico y Odontol\u00f3gico San Jos\u00e9\" \/>\n<meta property=\"og:description\" content=\"Para&nbsp;poder&nbsp;llegar al momento del parto en las mejores condiciones, es importante que&nbsp;tanto la mujer&nbsp;y el futuro bebe reciban&nbsp;los cuidados y controles necesarios&nbsp;seg\u00fan cada etapa de desarrollo fetal, en los que se puedan identificar o descartar patolog\u00edas, as\u00ed como controlar el correcto desarrollo del feto. De esta forma contamos con un programa de control completo del [&hellip;]\" \/>\n<meta property=\"og:url\" content=\"http:\/\/www.centromedicomariquina.cl\/index.php\/maternidad\/\" \/>\n<meta property=\"og:site_name\" content=\"Centro M\u00e9dico y Odontol\u00f3gico San Jos\u00e9\" \/>\n<meta name=\"twitter:card\" content=\"summary_large_image\" \/>\n<script type=\"application\/ld+json\" class=\"yoast-schema-graph\">{\"@context\":\"https:\/\/schema.org\",\"@graph\":[{\"@type\":\"WebSite\",\"@id\":\"https:\/\/www.centromedicomariquina.cl\/#website\",\"url\":\"https:\/\/www.centromedicomariquina.cl\/\",\"name\":\"Centro M\\u00e9dico y Odontol\\u00f3gico San Jos\\u00e9\",\"description\":\"\",\"potentialAction\":[{\"@type\":\"SearchAction\",\"target\":\"https:\/\/www.centromedicomariquina.cl\/?s={search_term_string}\",\"query-input\":\"required name=search_term_string\"}],\"inLanguage\":\"es-CL\"},{\"@type\":\"WebPage\",\"@id\":\"http:\/\/www.centromedicomariquina.cl\/index.php\/maternidad\/#webpage\",\"url\":\"http:\/\/www.centromedicomariquina.cl\/index.php\/maternidad\/\",\"name\":\"Maternidad - Centro M\\u00e9dico y Odontol\\u00f3gico San Jos\\u00e9\",\"isPartOf\":{\"@id\":\"https:\/\/www.centromedicomariquina.cl\/#website\"},\"datePublished\":\"2019-02-04T12:21:50+00:00\",\"dateModified\":\"2019-02-04T12:21:50+00:00\",\"inLanguage\":\"es-CL\",\"potentialAction\":[{\"@type\":\"ReadAction\",\"target\":[\"http:\/\/www.centromedicomariquina.cl\/index.php\/maternidad\/\"]}]}]}<\/script>\n<!-- \/ Yoast SEO plugin. -->","jetpack_shortlink":"https:\/\/wp.me\/Pb2D0S-2V","jetpack_sharing_enabled":true,"_links":{"self":[{"href":"https:\/\/www.centromedicomariquina.cl\/index.php\/wp-json\/wp\/v2\/pages\/181","targetHints":{"allow":["GET"]}}],"collection":[{"href":"https:\/\/www.centromedicomariquina.cl\/index.php\/wp-json\/wp\/v2\/pages"}],"about":[{"href":"https:\/\/www.centromedicomariquina.cl\/index.php\/wp-json\/wp\/v2\/types\/page"}],"author":[{"embeddable":true,"href":"https:\/\/www.centromedicomariquina.cl\/index.php\/wp-json\/wp\/v2\/users\/1"}],"replies":[{"embeddable":true,"href":"https:\/\/www.centromedicomariquina.cl\/index.php\/wp-json\/wp\/v2\/comments?post=181"}],"version-history":[{"count":1,"href":"https:\/\/www.centromedicomariquina.cl\/index.php\/wp-json\/wp\/v2\/pages\/181\/revisions"}],"predecessor-version":[{"id":183,"href":"https:\/\/www.centromedicomariquina.cl\/index.php\/wp-json\/wp\/v2\/pages\/181\/revisions\/183"}],"wp:attachment":[{"href":"https:\/\/www.centromedicomariquina.cl\/index.php\/wp-json\/wp\/v2\/media?parent=181"}],"curies":[{"name":"wp","href":"https:\/\/api.w.org\/{rel}","templated":true}]}}