{"id":188,"date":"2019-02-04T12:28:43","date_gmt":"2019-02-04T12:28:43","guid":{"rendered":"http:\/\/www.centromedicosanjose.cl\/?page_id=188"},"modified":"2019-07-17T17:56:18","modified_gmt":"2019-07-17T17:56:18","slug":"ecografia-3d","status":"publish","type":"page","link":"https:\/\/www.centromedicomariquina.cl\/index.php\/ecografia-3d\/","title":{"rendered":"Ecograf\u00edas Doppler 3D"},"content":{"rendered":"\n<div class=\"alignnormal\"><div id=\"metaslider-id-987\" style=\"max-width: 800px; margin: 0 auto;\" class=\"ml-slider-3-16-4 metaslider metaslider-flex metaslider-987 ml-slider\">\n    <div id=\"metaslider_container_987\">\n        <div id=\"metaslider_987\" class=\"flexslider\">\n            <ul aria-live=\"polite\" class=\"slides\">\n                <li style=\"display: block; width: 100%;\" class=\"slide-988 ms-image\"><img loading=\"lazy\" decoding=\"async\" src=\"https:\/\/www.centromedicomariquina.cl\/wp-content\/uploads\/2019\/06\/2838562E-61EB-47F3-A339-AC10F1BF8026-800x450.jpeg\" height=\"450\" width=\"800\" alt=\"\" class=\"slider-987 slide-988\" title=\"2838562E-61EB-47F3-A339-AC10F1BF8026\" \/><\/li>\n                <li style=\"display: none; width: 100%;\" class=\"slide-989 ms-image\"><img loading=\"lazy\" decoding=\"async\" src=\"https:\/\/www.centromedicomariquina.cl\/wp-content\/uploads\/2019\/06\/FB588C01-84A5-4F8C-9E02-7148191EEB85-800x450.jpeg\" height=\"450\" width=\"800\" alt=\"\" class=\"slider-987 slide-989\" title=\"FB588C01-84A5-4F8C-9E02-7148191EEB85\" \/><\/li>\n                <li style=\"display: none; width: 100%;\" class=\"slide-992 ms-image\"><img loading=\"lazy\" decoding=\"async\" src=\"https:\/\/www.centromedicomariquina.cl\/wp-content\/uploads\/2019\/06\/3d-e1561394628966-698x393.png\" height=\"450\" width=\"800\" alt=\"\" class=\"slider-987 slide-992\" title=\"3d\" \/><\/li>\n                <li style=\"display: none; width: 100%;\" class=\"slide-993 ms-image\"><img loading=\"lazy\" decoding=\"async\" src=\"https:\/\/www.centromedicomariquina.cl\/wp-content\/uploads\/2019\/06\/E9B4C170-106E-4671-85D1-6028AD9E5FC1-800x450.jpeg\" height=\"450\" width=\"800\" alt=\"\" class=\"slider-987 slide-993\" title=\"E9B4C170-106E-4671-85D1-6028AD9E5FC1\" \/><\/li>\n                <li style=\"display: none; width: 100%;\" class=\"slide-1005 ms-image\"><img loading=\"lazy\" decoding=\"async\" src=\"https:\/\/www.centromedicomariquina.cl\/wp-content\/uploads\/2019\/06\/DSC03313-800x450.jpg\" height=\"450\" width=\"800\" alt=\"\" class=\"slider-987 slide-1005\" title=\"DSC03313\" \/><\/li>\n            <\/ul>\n        <\/div>\n        \n    <\/div>\n<\/div><\/div>\n\n\n\n<p>Consiste en una ecograf\u00eda de alta resoluci\u00f3n que permite observar al beb\u00e9 de manera tridimensional. La informaci\u00f3n recogida permite realizar una reconstrucci\u00f3n en tres dimensiones de la morfolog\u00eda externa del beb\u00e9, obteniendo as\u00ed im\u00e1genes de gran realismo.<\/p>\n\n\n\n<p>Se puede visualizar el beb\u00e9 en movimiento dentro del \u00fatero&nbsp;adem\u00e1s de como si se tratara de una filmaci\u00f3n donde se pueden ver sus extremidades e incluso se puede apreciar los gestos de su rostro.<\/p>\n\n\n\n<p>De esta manera, los padres pueden conocer la imagen de su hijo antes de nacer y los m\u00e9dicos comprueban el estado de la placenta, el l\u00edquido amni\u00f3tico y el cuello uterino para asegurase de que todo est\u00e9 funcionando correctamente.<\/p>\n\n\n\n<p>La ecograf\u00eda 3D no supone ning\u00fan riesgo, ni para la madre ni para el beb\u00e9.<\/p>\n\n\n\n<p>Si bien, la calidad de la imagen es bastante n\u00edtida, los movimientos del beb\u00e9 influyen muchas veces en la claridad de \u00e9sta.<\/p>\n\n\n\n<p>A&nbsp;continuaci\u00f3n,&nbsp;aclaramos algunas de las principales dudas en relaci\u00f3n a este examen:<\/p>\n\n\n\n<p>\u00bfQu\u00e9 es una ecograf\u00eda 3D?<\/p>\n\n\n\n<p>La Ecograf\u00eda 3D es un estudio de alta calidad que le permite compartir una experiencia \u00fanica con su beb\u00e9. Usted puede espiar a su beb\u00e9 dentro del \u00fatero, una sonrisa, sus muecas, como si se tratara de una filmaci\u00f3n.<\/p>\n\n\n\n<p>\u00bfCu\u00e1ndo deber\u00eda hacerse la ecograf\u00eda 3D?<\/p>\n\n\n\n<p>Lo m\u00e1s recomendable es realizarte una de estas ecograf\u00edas ultras\u00f3nicas entre la semana&nbsp;14 y la semana 34. De esta forma, podr\u00e1s ver una imagen m\u00e1s clara del feto y determinar si todo va como deber\u00eda. Esto no indica que necesariamente tienes que hacerte el examen en este per\u00edodo por supuesto. \u00a1Puedes realizarte la ecograf\u00eda cuando t\u00fa lo desees!<\/p>\n\n\n\n<p>\u00bfRealizar una ecograf\u00eda 3D supone alg\u00fan riesgo para la salud?<\/p>\n\n\n\n<p><strong>No<\/strong>, esta clase de prueba no tiene efectos secundarios de ning\u00fan tipo en el feto ni en la mujer embarazada. \u00a1Son unas pruebas s\u00faper seguras y altamente recomendadas en el embarazo!<\/p>\n\n\n\n<p>\u00bfQu\u00e9 se puede ver espec\u00edficamente en esta clase de examen?<\/p>\n\n\n\n<p>Como tal, podr\u00e1s tener acceso exclusivo a lo que habita dentro de tu vientre mientras est\u00e1s embarazada. Podr\u00e1s ver el feto en muy alta definici\u00f3n, adem\u00e1s de ver sus extremidades, y hasta sus peque\u00f1os movimientos. \u00a1Podr\u00e1s ver re\u00edr a tu beb\u00e9 inclusive!<\/p>\n\n\n\n<p>\u00bfHay que prepararse de alguna forma para realizar una ecograf\u00eda?<\/p>\n\n\n\n<p>La mayor preparaci\u00f3n que puedes hacer es la psicol\u00f3gica. \u00a1Estas por ver a tu beb\u00e9 antes de que nazca! Aparte de ello, esta prueba no supone ning\u00fan otro tipo de preparaci\u00f3n previa.<\/p>\n\n\n\n<p>\u00bfSon siempre n\u00edtidas las im\u00e1genes de una ecograf\u00eda 3D?<\/p>\n\n\n\n<p>Generalmente siempre ser\u00e1 n\u00edtida la calidad de imagen de una ecograf\u00eda 3D. No obstante, hay momentos en los que esta se ve afectada por los movimientos del peque\u00f1o&nbsp;o en ocasiones la cantidad de tejido y fluidos entre en feto y el transductor pueden alterar levemente la imagen obtenida.<\/p>\n\n\n\n<figure class=\"wp-block-image is-resized\"><img loading=\"lazy\" decoding=\"async\" src=\"http:\/\/www.centromedicosanjoseweb.com\/wp-content\/uploads\/2019\/06\/doppler-1024x575.png\" alt=\"\" class=\"wp-image-904\" width=\"512\" height=\"288\"\/><figcaption>Ecograf\u00eda Doppler<\/figcaption><\/figure>\n\n\n\n<p><strong>Esta ecograf\u00eda se puede realizar en cualquier etapa del embarazo<\/strong>, pero se recomienda realizar entre la semana&nbsp;14 y la semana 34, ya que el feto tiene sus rasgos m\u00e1s definidos y se pueden apreciar sus caracter\u00edsticas f\u00edsicas con mayor claridad.<\/p>\n","protected":false},"excerpt":{"rendered":"<p>Consiste en una ecograf\u00eda de alta resoluci\u00f3n que permite observar al beb\u00e9 de manera tridimensional. La informaci\u00f3n recogida permite realizar una reconstrucci\u00f3n en tres dimensiones de la morfolog\u00eda externa del beb\u00e9, obteniendo as\u00ed im\u00e1genes de gran realismo. Se puede visualizar el beb\u00e9 en movimiento dentro del \u00fatero&nbsp;adem\u00e1s de como si se tratara de una filmaci\u00f3n [&hellip;]<\/p>\n","protected":false},"author":1,"featured_media":0,"parent":0,"menu_order":0,"comment_status":"open","ping_status":"closed","template":"","meta":{"spay_email":"","footnotes":""},"class_list":["post-188","page","type-page","status-publish","hentry"],"yoast_head":"<!-- This site is optimized with the Yoast SEO plugin v14.4.1 - https:\/\/yoast.com\/wordpress\/plugins\/seo\/ -->\n<title>Ecograf\u00edas Doppler 3D - Centro M\u00e9dico y Odontol\u00f3gico San Jos\u00e9<\/title>\n<meta name=\"robots\" content=\"index, follow\" \/>\n<meta name=\"googlebot\" content=\"index, follow, max-snippet:-1, max-image-preview:large, max-video-preview:-1\" \/>\n<meta name=\"bingbot\" content=\"index, follow, max-snippet:-1, max-image-preview:large, max-video-preview:-1\" \/>\n<link rel=\"canonical\" href=\"http:\/\/www.centromedicomariquina.cl\/index.php\/ecografia-3d\/\" \/>\n<meta property=\"og:locale\" content=\"es_ES\" \/>\n<meta property=\"og:type\" content=\"article\" \/>\n<meta property=\"og:title\" content=\"Consulta, Ecograf\u00edas ginecol\u00f3gicas, 2, 3 D y Doppler.\" \/>\n<meta property=\"og:description\" content=\"Centro M\u00e9dico y Odontol\u00f3gico San Jos\u00e9 junto al reconocido Matr\u00f3n Benito Rivera ofrece a la comunidad y alrededores el mejor servicio tanto en consulta, como en ecograf\u00edas ginecol\u00f3gicas, 2, 3 D y Doppler, monitoreo a todo el ciclo de embarazo, controles al ciclo reproductivo de la mujer, control de fecundidad, entre otros, para m\u00e1s informaci\u00f3n llama al 632-451010, escribenos un mensaje interno o bien en nuestra pagina web www.centromedicomariquina.cl\" \/>\n<meta property=\"og:url\" content=\"http:\/\/www.centromedicomariquina.cl\/index.php\/ecografia-3d\/\" \/>\n<meta property=\"og:site_name\" content=\"Centro M\u00e9dico y Odontol\u00f3gico San Jos\u00e9\" \/>\n<meta property=\"article:modified_time\" content=\"2019-07-17T17:56:18+00:00\" \/>\n<meta property=\"og:image\" content=\"https:\/\/www.centromedicomariquina.cl\/wp-content\/uploads\/2019\/06\/DSC03313.jpg\" \/>\n\t<meta property=\"og:image:width\" content=\"1228\" \/>\n\t<meta property=\"og:image:height\" content=\"690\" \/>\n<meta name=\"twitter:card\" content=\"summary_large_image\" \/>\n<script type=\"application\/ld+json\" class=\"yoast-schema-graph\">{\"@context\":\"https:\/\/schema.org\",\"@graph\":[{\"@type\":\"WebSite\",\"@id\":\"https:\/\/www.centromedicomariquina.cl\/#website\",\"url\":\"https:\/\/www.centromedicomariquina.cl\/\",\"name\":\"Centro M\\u00e9dico y Odontol\\u00f3gico San Jos\\u00e9\",\"description\":\"\",\"potentialAction\":[{\"@type\":\"SearchAction\",\"target\":\"https:\/\/www.centromedicomariquina.cl\/?s={search_term_string}\",\"query-input\":\"required name=search_term_string\"}],\"inLanguage\":\"es-CL\"},{\"@type\":\"ImageObject\",\"@id\":\"http:\/\/www.centromedicomariquina.cl\/index.php\/ecografia-3d\/#primaryimage\",\"inLanguage\":\"es-CL\",\"url\":\"http:\/\/www.centromedicosanjoseweb.com\/wp-content\/uploads\/2019\/06\/doppler-1024x575.png\"},{\"@type\":\"WebPage\",\"@id\":\"http:\/\/www.centromedicomariquina.cl\/index.php\/ecografia-3d\/#webpage\",\"url\":\"http:\/\/www.centromedicomariquina.cl\/index.php\/ecografia-3d\/\",\"name\":\"Ecograf\\u00edas Doppler 3D - Centro M\\u00e9dico y Odontol\\u00f3gico San Jos\\u00e9\",\"isPartOf\":{\"@id\":\"https:\/\/www.centromedicomariquina.cl\/#website\"},\"primaryImageOfPage\":{\"@id\":\"http:\/\/www.centromedicomariquina.cl\/index.php\/ecografia-3d\/#primaryimage\"},\"datePublished\":\"2019-02-04T12:28:43+00:00\",\"dateModified\":\"2019-07-17T17:56:18+00:00\",\"inLanguage\":\"es-CL\",\"potentialAction\":[{\"@type\":\"ReadAction\",\"target\":[\"http:\/\/www.centromedicomariquina.cl\/index.php\/ecografia-3d\/\"]}]}]}<\/script>\n<!-- \/ Yoast SEO plugin. -->","jetpack_shortlink":"https:\/\/wp.me\/Pb2D0S-32","jetpack_sharing_enabled":true,"_links":{"self":[{"href":"https:\/\/www.centromedicomariquina.cl\/index.php\/wp-json\/wp\/v2\/pages\/188","targetHints":{"allow":["GET"]}}],"collection":[{"href":"https:\/\/www.centromedicomariquina.cl\/index.php\/wp-json\/wp\/v2\/pages"}],"about":[{"href":"https:\/\/www.centromedicomariquina.cl\/index.php\/wp-json\/wp\/v2\/types\/page"}],"author":[{"embeddable":true,"href":"https:\/\/www.centromedicomariquina.cl\/index.php\/wp-json\/wp\/v2\/users\/1"}],"replies":[{"embeddable":true,"href":"https:\/\/www.centromedicomariquina.cl\/index.php\/wp-json\/wp\/v2\/comments?post=188"}],"version-history":[{"count":13,"href":"https:\/\/www.centromedicomariquina.cl\/index.php\/wp-json\/wp\/v2\/pages\/188\/revisions"}],"predecessor-version":[{"id":1008,"href":"https:\/\/www.centromedicomariquina.cl\/index.php\/wp-json\/wp\/v2\/pages\/188\/revisions\/1008"}],"wp:attachment":[{"href":"https:\/\/www.centromedicomariquina.cl\/index.php\/wp-json\/wp\/v2\/media?parent=188"}],"curies":[{"name":"wp","href":"https:\/\/api.w.org\/{rel}","templated":true}]}}