{"id":410,"date":"2019-02-07T12:51:17","date_gmt":"2019-02-07T12:51:17","guid":{"rendered":"http:\/\/www.centromedicosanjose.cl\/?page_id=410"},"modified":"2020-05-12T19:14:29","modified_gmt":"2020-05-12T19:14:29","slug":"solicitar-contacto-hora","status":"publish","type":"page","link":"https:\/\/www.centromedicomariquina.cl\/index.php\/solicitar-contacto-hora\/","title":{"rendered":"Solicitar Contacto | Hora"},"content":{"rendered":"\n<p>A trav\u00e9s de este formulario, usted puede solicitar contacto por parte de Centro M\u00e9dico San Jos\u00e9, para consultas y\/o solicitud de horas para atenci\u00f3n.<\/p>\n\n\n\n<p>Para una atenci\u00f3n m\u00e1s r\u00e1pida y personalizada, descargue la App para su celular, en ella podr\u00e1: Solicitar horas, Ver sus horas agendadas, Descagar sus recetas emitidas.<\/p>\n\n\n\n<div class=\"wp-block-image\"><figure class=\"aligncenter size-large is-resized\"><a href=\"https:\/\/play.google.com\/store\/apps\/details?id=com.telemedicina.consultaremota\"><img loading=\"lazy\" decoding=\"async\" src=\"http:\/\/www.centromedicomariquina.cl\/wp-content\/uploads\/2020\/05\/disp_google-1024x304.png\" alt=\"\" class=\"wp-image-1152\" width=\"218\" height=\"65\" srcset=\"https:\/\/www.centromedicomariquina.cl\/wp-content\/uploads\/2020\/05\/disp_google-1024x304.png 1024w, https:\/\/www.centromedicomariquina.cl\/wp-content\/uploads\/2020\/05\/disp_google-300x89.png 300w, https:\/\/www.centromedicomariquina.cl\/wp-content\/uploads\/2020\/05\/disp_google-768x228.png 768w, https:\/\/www.centromedicomariquina.cl\/wp-content\/uploads\/2020\/05\/disp_google.png 1150w\" sizes=\"auto, (max-width: 218px) 100vw, 218px\" \/><\/a><\/figure><\/div>\n\n\n\n<div class=\"contain\">\n  <div class=\"wrapper\">\n    <div class=\"contacts\">\n      <h3>Datos de Contacto<\/h3>\n\n      <ul>\n        <li>Padre Placido 141.<\/li>\n        <li>San Jos\u00e9 de la Mariquina.<\/li>\n        <li>Regi\u00f3n de los R\u00edos.<\/li>\n        <li>Tel\u00e9fono 63-2451010<\/li>\n        <li>contacto@centromedicomariquina.cl<\/li>\n      <\/ul>\n    <\/div>\n\n    <div class=\"form\">\n      <h3>Env\u00edenos un mensaje<\/h3>\n      <form method=\"post\" action=\"https:\/\/cmedicosj.iarobotics.cl\/mailcmedicosj.php\">\n        <p>\n          <label for=\"\">Nombre y Apellido Paciente<\/label>\n          <input id=\"nombre_msg\" name=\"nombre_msg\" type=\"text\">\n        <\/p>\n         <p>\n          <label for=\"\">Rut Paciente (con puntos y gui\u00f3n ej: 11.111.111-1)<\/label>\n          <input id=\"rut_msg\" name=\"rut_msg\" type=\"text\">\n        <\/p>\n        <p>\n          <label for=\"\">N\u00famero Celular o Fijo, Para confirmar<\/label>\n          <input id=\"phone_msg\" name=\"phone_msg\" type=\"text\">\n        <\/p>\n      <!--  <p>\n          <label for=\"\">Email<\/label>\n          <input type=\"text\">\n        <\/p>\n        <p>\n          <label for=\"\">Asunto<\/label>\n          <input type=\"text\">\n        <\/p> -->\n        <p>\n          <label for=\"\">T\u00fa mensaje para Centro M\u00e9dico San Jos\u00e9<\/label>\n          <textarea name=\"mensaje_msg\" id=\"mensaje_msg\" cols=\"30\" rows=\"7\"><\/textarea>\n        <\/p>\n        <p>\n          <button>Enviar Solicitud<\/button>\n        <\/p>\n      <\/form>\n    <\/div>\n  <\/div>\n<\/div>\n\n\n\n<p><\/p>\n","protected":false},"excerpt":{"rendered":"<p>A trav\u00e9s de este formulario, usted puede solicitar contacto por parte de Centro M\u00e9dico San Jos\u00e9, para consultas y\/o solicitud de horas para atenci\u00f3n. Para una atenci\u00f3n m\u00e1s r\u00e1pida y personalizada, descargue la App para su celular, en ella podr\u00e1: Solicitar horas, Ver sus horas agendadas, Descagar sus recetas emitidas. Datos de Contacto Padre Placido [&hellip;]<\/p>\n","protected":false},"author":1,"featured_media":0,"parent":0,"menu_order":0,"comment_status":"closed","ping_status":"closed","template":"","meta":{"spay_email":"","footnotes":""},"class_list":["post-410","page","type-page","status-publish","hentry"],"yoast_head":"<!-- This site is optimized with the Yoast SEO plugin v14.4.1 - https:\/\/yoast.com\/wordpress\/plugins\/seo\/ -->\n<title>Solicitar Contacto | Hora - Centro M\u00e9dico y Odontol\u00f3gico San Jos\u00e9<\/title>\n<meta name=\"robots\" content=\"index, follow\" \/>\n<meta name=\"googlebot\" content=\"index, follow, max-snippet:-1, max-image-preview:large, max-video-preview:-1\" \/>\n<meta name=\"bingbot\" content=\"index, follow, max-snippet:-1, max-image-preview:large, max-video-preview:-1\" \/>\n<link rel=\"canonical\" href=\"https:\/\/www.centromedicomariquina.cl\/index.php\/solicitar-contacto-hora\/\" \/>\n<meta property=\"og:locale\" content=\"es_ES\" \/>\n<meta property=\"og:type\" content=\"article\" \/>\n<meta property=\"og:title\" content=\"Solicitar Contacto | Hora - Centro M\u00e9dico y Odontol\u00f3gico San Jos\u00e9\" \/>\n<meta property=\"og:description\" content=\"A trav\u00e9s de este formulario, usted puede solicitar contacto por parte de Centro M\u00e9dico San Jos\u00e9, para consultas y\/o solicitud de horas para atenci\u00f3n. Para una atenci\u00f3n m\u00e1s r\u00e1pida y personalizada, descargue la App para su celular, en ella podr\u00e1: Solicitar horas, Ver sus horas agendadas, Descagar sus recetas emitidas. Datos de Contacto Padre Placido [&hellip;]\" \/>\n<meta property=\"og:url\" content=\"https:\/\/www.centromedicomariquina.cl\/index.php\/solicitar-contacto-hora\/\" \/>\n<meta property=\"og:site_name\" content=\"Centro M\u00e9dico y Odontol\u00f3gico San Jos\u00e9\" \/>\n<meta property=\"article:modified_time\" content=\"2020-05-12T19:14:29+00:00\" \/>\n<meta property=\"og:image\" content=\"http:\/\/www.centromedicomariquina.cl\/wp-content\/uploads\/2020\/05\/disp_google-1024x304.png\" \/>\n<meta name=\"twitter:card\" content=\"summary_large_image\" \/>\n<script type=\"application\/ld+json\" class=\"yoast-schema-graph\">{\"@context\":\"https:\/\/schema.org\",\"@graph\":[{\"@type\":\"WebSite\",\"@id\":\"https:\/\/www.centromedicomariquina.cl\/#website\",\"url\":\"https:\/\/www.centromedicomariquina.cl\/\",\"name\":\"Centro M\\u00e9dico y Odontol\\u00f3gico San Jos\\u00e9\",\"description\":\"\",\"potentialAction\":[{\"@type\":\"SearchAction\",\"target\":\"https:\/\/www.centromedicomariquina.cl\/?s={search_term_string}\",\"query-input\":\"required name=search_term_string\"}],\"inLanguage\":\"es-CL\"},{\"@type\":\"ImageObject\",\"@id\":\"https:\/\/www.centromedicomariquina.cl\/index.php\/solicitar-contacto-hora\/#primaryimage\",\"inLanguage\":\"es-CL\",\"url\":\"http:\/\/www.centromedicomariquina.cl\/wp-content\/uploads\/2020\/05\/disp_google-1024x304.png\"},{\"@type\":\"WebPage\",\"@id\":\"https:\/\/www.centromedicomariquina.cl\/index.php\/solicitar-contacto-hora\/#webpage\",\"url\":\"https:\/\/www.centromedicomariquina.cl\/index.php\/solicitar-contacto-hora\/\",\"name\":\"Solicitar Contacto | Hora - Centro M\\u00e9dico y Odontol\\u00f3gico San Jos\\u00e9\",\"isPartOf\":{\"@id\":\"https:\/\/www.centromedicomariquina.cl\/#website\"},\"primaryImageOfPage\":{\"@id\":\"https:\/\/www.centromedicomariquina.cl\/index.php\/solicitar-contacto-hora\/#primaryimage\"},\"datePublished\":\"2019-02-07T12:51:17+00:00\",\"dateModified\":\"2020-05-12T19:14:29+00:00\",\"inLanguage\":\"es-CL\",\"potentialAction\":[{\"@type\":\"ReadAction\",\"target\":[\"https:\/\/www.centromedicomariquina.cl\/index.php\/solicitar-contacto-hora\/\"]}]}]}<\/script>\n<!-- \/ Yoast SEO plugin. -->","jetpack_shortlink":"https:\/\/wp.me\/Pb2D0S-6C","jetpack_sharing_enabled":true,"_links":{"self":[{"href":"https:\/\/www.centromedicomariquina.cl\/index.php\/wp-json\/wp\/v2\/pages\/410","targetHints":{"allow":["GET"]}}],"collection":[{"href":"https:\/\/www.centromedicomariquina.cl\/index.php\/wp-json\/wp\/v2\/pages"}],"about":[{"href":"https:\/\/www.centromedicomariquina.cl\/index.php\/wp-json\/wp\/v2\/types\/page"}],"author":[{"embeddable":true,"href":"https:\/\/www.centromedicomariquina.cl\/index.php\/wp-json\/wp\/v2\/users\/1"}],"replies":[{"embeddable":true,"href":"https:\/\/www.centromedicomariquina.cl\/index.php\/wp-json\/wp\/v2\/comments?post=410"}],"version-history":[{"count":33,"href":"https:\/\/www.centromedicomariquina.cl\/index.php\/wp-json\/wp\/v2\/pages\/410\/revisions"}],"predecessor-version":[{"id":1178,"href":"https:\/\/www.centromedicomariquina.cl\/index.php\/wp-json\/wp\/v2\/pages\/410\/revisions\/1178"}],"wp:attachment":[{"href":"https:\/\/www.centromedicomariquina.cl\/index.php\/wp-json\/wp\/v2\/media?parent=410"}],"curies":[{"name":"wp","href":"https:\/\/api.w.org\/{rel}","templated":true}]}}