{"id":69,"date":"2019-02-03T01:41:17","date_gmt":"2019-02-03T01:41:17","guid":{"rendered":"http:\/\/www.centromedicosanjose.cl\/?page_id=69"},"modified":"2019-06-06T23:47:34","modified_gmt":"2019-06-06T23:47:34","slug":"medicina-general","status":"publish","type":"page","link":"https:\/\/www.centromedicomariquina.cl\/index.php\/medicina-general\/","title":{"rendered":"Medicina General"},"content":{"rendered":"\n<p>La\u00a0consulta en\u00a0medicina general es\u00a0el inicio para conocer el real estado de la\u00a0salud del paciente, este diagn\u00f3stico inicial\u00a0nos entrega\u00a0orientaci\u00f3n sobre\u00a0aquellas\u00a0dolencias, molestias\u00a0o inquietudes que tienen los pacientes\u00a0y nos permite iniciar inmediatamente el tratamiento mas efectivo para las diferentes patolog\u00edas que pudiese presentar el consultante.<\/p>\n\n\n\n<p>Los m\u00e9dicos generales del Centro M\u00e9dico y Odontol\u00f3gico San Jos\u00e9&nbsp;entregan el&nbsp;servicio de&nbsp;atenci\u00f3n ambulatoria m\u00e1s completo de la comuna de San Jos\u00e9 de la Mariquina,&nbsp;centrando&nbsp;su atenci\u00f3n en una&nbsp;consulta&nbsp;personalizada, con el fin de entregar&nbsp;diagn\u00f3sticos precisos y efectivos para los usuarios&nbsp;con el fin de realizar el tratamiento mas adecuado para las patolog\u00edas que presenten los usuarios.&nbsp;<\/p>\n\n\n\n<p>Nuestros seis m\u00e9dicos Generales se encuentran capacitados para determinar y diagnosticar cualquier tipo de patolog\u00edas comunes, recetar medicamentos, realizar tratamientos&nbsp;completos yrealizar directamente las derivaciones a especialistas adecuados de manera oportuna en la medida que sea necesario, realizando internamente los tramites para interconsulta con m\u00e9dicos especialistas, as\u00ed como entrega de licencias m\u00e9dicas f\u00edsicas y electr\u00f3nicas en la medida que la salud del paciente le imposibilita realizar su trabajo con normalidad.&nbsp;<\/p>\n\n\n\n<p>Finalmente, la experiencia de nuestros m\u00e9dicos permite realizar chequeos m\u00e9dicos completos&nbsp;del m\u00e1s alto nivel, con ex\u00e1menes&nbsp;de laboratorio&nbsp;que se pueden realizar directamente en nuestro centro m\u00e9dico&nbsp;y con tiempos de entrega entre 24 a 72 horas, los mas r\u00e1pidos de la comuna.&nbsp;<\/p>\n\n\n\n<p>Recuerda que todos nuestros m\u00e9dicos atienden con FONASA&nbsp;y de forma particular&nbsp;y que el bono de atenci\u00f3n lo compras en nuestras dependencias sin necesidad de perder tiempo en otros lugares, lo que hace m\u00e1s f\u00e1cil y expedita nuestra atenci\u00f3n.<\/p>\n","protected":false},"excerpt":{"rendered":"<p>La\u00a0consulta en\u00a0medicina general es\u00a0el inicio para conocer el real estado de la\u00a0salud del paciente, este diagn\u00f3stico inicial\u00a0nos entrega\u00a0orientaci\u00f3n sobre\u00a0aquellas\u00a0dolencias, molestias\u00a0o inquietudes que tienen los pacientes\u00a0y nos permite iniciar inmediatamente el tratamiento mas efectivo para las diferentes patolog\u00edas que pudiese presentar el consultante. Los m\u00e9dicos generales del Centro M\u00e9dico y Odontol\u00f3gico San Jos\u00e9&nbsp;entregan el&nbsp;servicio de&nbsp;atenci\u00f3n ambulatoria [&hellip;]<\/p>\n","protected":false},"author":1,"featured_media":676,"parent":0,"menu_order":0,"comment_status":"closed","ping_status":"closed","template":"","meta":{"spay_email":"","footnotes":""},"class_list":["post-69","page","type-page","status-publish","has-post-thumbnail","hentry"],"yoast_head":"<!-- This site is optimized with the Yoast SEO plugin v14.4.1 - https:\/\/yoast.com\/wordpress\/plugins\/seo\/ -->\n<title>Medicina General - Centro M\u00e9dico y Odontol\u00f3gico San Jos\u00e9<\/title>\n<meta name=\"robots\" content=\"index, follow\" \/>\n<meta name=\"googlebot\" content=\"index, follow, max-snippet:-1, max-image-preview:large, max-video-preview:-1\" \/>\n<meta name=\"bingbot\" content=\"index, follow, max-snippet:-1, max-image-preview:large, max-video-preview:-1\" \/>\n<link rel=\"canonical\" href=\"http:\/\/www.centromedicomariquina.cl\/index.php\/medicina-general\/\" \/>\n<meta property=\"og:locale\" content=\"es_ES\" \/>\n<meta property=\"og:type\" content=\"article\" \/>\n<meta property=\"og:title\" content=\"Medicina General - Centro M\u00e9dico y Odontol\u00f3gico San Jos\u00e9\" \/>\n<meta property=\"og:description\" content=\"La\u00a0consulta en\u00a0medicina general es\u00a0el inicio para conocer el real estado de la\u00a0salud del paciente, este diagn\u00f3stico inicial\u00a0nos entrega\u00a0orientaci\u00f3n sobre\u00a0aquellas\u00a0dolencias, molestias\u00a0o inquietudes que tienen los pacientes\u00a0y nos permite iniciar inmediatamente el tratamiento mas efectivo para las diferentes patolog\u00edas que pudiese presentar el consultante. Los m\u00e9dicos generales del Centro M\u00e9dico y Odontol\u00f3gico San Jos\u00e9&nbsp;entregan el&nbsp;servicio de&nbsp;atenci\u00f3n ambulatoria [&hellip;]\" \/>\n<meta property=\"og:url\" content=\"http:\/\/www.centromedicomariquina.cl\/index.php\/medicina-general\/\" \/>\n<meta property=\"og:site_name\" content=\"Centro M\u00e9dico y Odontol\u00f3gico San Jos\u00e9\" \/>\n<meta property=\"article:modified_time\" content=\"2019-06-06T23:47:34+00:00\" \/>\n<meta property=\"og:image\" content=\"https:\/\/www.centromedicomariquina.cl\/wp-content\/uploads\/2019\/06\/28947690_888015188036960_733758125289323080_o.jpg\" \/>\n\t<meta property=\"og:image:width\" content=\"1183\" \/>\n\t<meta property=\"og:image:height\" content=\"438\" \/>\n<meta name=\"twitter:card\" content=\"summary_large_image\" \/>\n<script type=\"application\/ld+json\" class=\"yoast-schema-graph\">{\"@context\":\"https:\/\/schema.org\",\"@graph\":[{\"@type\":\"WebSite\",\"@id\":\"https:\/\/www.centromedicomariquina.cl\/#website\",\"url\":\"https:\/\/www.centromedicomariquina.cl\/\",\"name\":\"Centro M\\u00e9dico y Odontol\\u00f3gico San Jos\\u00e9\",\"description\":\"\",\"potentialAction\":[{\"@type\":\"SearchAction\",\"target\":\"https:\/\/www.centromedicomariquina.cl\/?s={search_term_string}\",\"query-input\":\"required name=search_term_string\"}],\"inLanguage\":\"es-CL\"},{\"@type\":\"ImageObject\",\"@id\":\"http:\/\/www.centromedicomariquina.cl\/index.php\/medicina-general\/#primaryimage\",\"inLanguage\":\"es-CL\",\"url\":\"https:\/\/www.centromedicomariquina.cl\/wp-content\/uploads\/2019\/06\/28947690_888015188036960_733758125289323080_o.jpg\",\"width\":1183,\"height\":438},{\"@type\":\"WebPage\",\"@id\":\"http:\/\/www.centromedicomariquina.cl\/index.php\/medicina-general\/#webpage\",\"url\":\"http:\/\/www.centromedicomariquina.cl\/index.php\/medicina-general\/\",\"name\":\"Medicina General - Centro M\\u00e9dico y Odontol\\u00f3gico San Jos\\u00e9\",\"isPartOf\":{\"@id\":\"https:\/\/www.centromedicomariquina.cl\/#website\"},\"primaryImageOfPage\":{\"@id\":\"http:\/\/www.centromedicomariquina.cl\/index.php\/medicina-general\/#primaryimage\"},\"datePublished\":\"2019-02-03T01:41:17+00:00\",\"dateModified\":\"2019-06-06T23:47:34+00:00\",\"inLanguage\":\"es-CL\",\"potentialAction\":[{\"@type\":\"ReadAction\",\"target\":[\"http:\/\/www.centromedicomariquina.cl\/index.php\/medicina-general\/\"]}]}]}<\/script>\n<!-- \/ Yoast SEO plugin. -->","jetpack_shortlink":"https:\/\/wp.me\/Pb2D0S-17","jetpack_sharing_enabled":true,"_links":{"self":[{"href":"https:\/\/www.centromedicomariquina.cl\/index.php\/wp-json\/wp\/v2\/pages\/69","targetHints":{"allow":["GET"]}}],"collection":[{"href":"https:\/\/www.centromedicomariquina.cl\/index.php\/wp-json\/wp\/v2\/pages"}],"about":[{"href":"https:\/\/www.centromedicomariquina.cl\/index.php\/wp-json\/wp\/v2\/types\/page"}],"author":[{"embeddable":true,"href":"https:\/\/www.centromedicomariquina.cl\/index.php\/wp-json\/wp\/v2\/users\/1"}],"replies":[{"embeddable":true,"href":"https:\/\/www.centromedicomariquina.cl\/index.php\/wp-json\/wp\/v2\/comments?post=69"}],"version-history":[{"count":3,"href":"https:\/\/www.centromedicomariquina.cl\/index.php\/wp-json\/wp\/v2\/pages\/69\/revisions"}],"predecessor-version":[{"id":699,"href":"https:\/\/www.centromedicomariquina.cl\/index.php\/wp-json\/wp\/v2\/pages\/69\/revisions\/699"}],"wp:featuredmedia":[{"embeddable":true,"href":"https:\/\/www.centromedicomariquina.cl\/index.php\/wp-json\/wp\/v2\/media\/676"}],"wp:attachment":[{"href":"https:\/\/www.centromedicomariquina.cl\/index.php\/wp-json\/wp\/v2\/media?parent=69"}],"curies":[{"name":"wp","href":"https:\/\/api.w.org\/{rel}","templated":true}]}}