{"id":73,"date":"2019-02-03T01:41:54","date_gmt":"2019-02-03T01:41:54","guid":{"rendered":"http:\/\/www.centromedicosanjose.cl\/?page_id=73"},"modified":"2021-01-03T20:18:18","modified_gmt":"2021-01-03T20:18:18","slug":"ginecologia","status":"publish","type":"page","link":"https:\/\/www.centromedicomariquina.cl\/index.php\/ginecologia\/","title":{"rendered":"Ginecolog\u00eda"},"content":{"rendered":"\n<div class=\"alignnormal\"><div id=\"metaslider-id-194\" style=\"max-width: 800px; margin: 0 auto;\" class=\"ml-slider-3-16-4 metaslider metaslider-flex metaslider-194 ml-slider\">\n    <div id=\"metaslider_container_194\">\n        <div id=\"metaslider_194\">\n            <ul aria-live=\"polite\" class=\"slides\">\n                <li style=\"display: block; width: 100%;\" class=\"slide-701 ms-image\"><img loading=\"lazy\" decoding=\"async\" src=\"https:\/\/www.centromedicomariquina.cl\/wp-content\/uploads\/2019\/06\/DSC03326-800x450.jpg\" height=\"450\" width=\"800\" alt=\"\" class=\"slider-194 slide-701\" title=\"DSC03326\" \/><\/li>\n            <\/ul>\n        <\/div>\n        \n    <\/div>\n<\/div><\/div>\n\n\n\n<p>El \u00e1rea&nbsp;Ginecobstetra&nbsp;del Centro M\u00e9dico y Odontol\u00f3gico San Jos\u00e9, desarrollada por m\u00e1s de siete a\u00f1os por el Matron Benito Rivera, est\u00e1 enfocada en entregar un servicio de calidad en todo el ciclo vital de la mujer, en especial en las etapas de mayores cambios,&nbsp;esto es adolescencia, juventud,&nbsp;control del embarazo y menopausia. Como centro de salud&nbsp;sabemos lo importante que es para&nbsp;nuestras pacientes&nbsp;tener&nbsp;la confianza&nbsp;en&nbsp;un profesional del \u00e1rea que comprenda&nbsp;y sepa abordar con un buen trato temas tan importantes como es su salud ginecol\u00f3gica y que adem\u00e1s sepa entregar diagn\u00f3sticos y cuidados certeros, por lo&nbsp;tanto, nuestro compromiso es: otorgar el mejor servicio&nbsp;ginecobstetra de la comuna, para ello contamos con el m\u00e1s moderno equipo de imagenolog\u00eda de ultrasonido de nuestra comuna incluso a nivel hospitalario por lo que las ecograf\u00edas ginecol\u00f3gicas, de imagen 3D y Doppler son las mejores &nbsp;a precios particulares realmente econ\u00f3micos.&nbsp;<\/p>\n\n\n\n<p>Los \u00e1mbitos de acci\u00f3n de nuestro servicio de Ginecolog\u00eda son:\u2022&nbsp;Control del ciclo reproductivo\u2022&nbsp;Control de embarazo\u2022&nbsp;Ecograf\u00edas y diagn\u00f3stico prenatal\u2022&nbsp;Diagn\u00f3stico de patolog\u00edas&nbsp;cervicales&nbsp;y detecci\u00f3n temprana del virus del papiloma humano\u2022&nbsp;Detecci\u00f3n mediante tacto de patolog\u00edas&nbsp;mamarias\u2022&nbsp;Uroginecolog\u00eda\u2022&nbsp;Control y cuidados de Maternidad<\/p>\n\n\n\n<p>Atenci\u00f3n desde la adolescencia:<\/p>\n\n\n\n<p>El objetivo de&nbsp;este servicio a j\u00f3venes&nbsp;desde&nbsp;la adolescencia&nbsp;se debe a las necesidades espec\u00edficas en esta etapa de la vida, sabemos que los cambios hormonales traen consigo una serie de modificaciones y adaptaciones del cuerpo femenino por lo que contar con un servicio que guie,&nbsp;valore y&nbsp;diagnostique,&nbsp;las principales&nbsp;patolog\u00edas o afectaciones propias de esta edad, como alteraciones hormonales, trastornos del desarrollo puberal, malformaciones genitales, infecciones, trastornos mamarios, primera regla y primeras revisiones<\/p>\n\n\n\n<div class=\"wp-block-image\"><figure class=\"aligncenter\"><img loading=\"lazy\" decoding=\"async\" width=\"800\" height=\"450\" src=\"http:\/\/www.centromedicosanjoseweb.com\/wp-content\/uploads\/2019\/02\/DSC03179.jpg\" alt=\"\" class=\"wp-image-45\" srcset=\"https:\/\/www.centromedicomariquina.cl\/wp-content\/uploads\/2019\/02\/DSC03179.jpg 800w, https:\/\/www.centromedicomariquina.cl\/wp-content\/uploads\/2019\/02\/DSC03179-300x169.jpg 300w, https:\/\/www.centromedicomariquina.cl\/wp-content\/uploads\/2019\/02\/DSC03179-768x432.jpg 768w\" sizes=\"auto, (max-width: 800px) 100vw, 800px\" \/><\/figure><\/div>\n","protected":false},"excerpt":{"rendered":"<p>El \u00e1rea&nbsp;Ginecobstetra&nbsp;del Centro M\u00e9dico y Odontol\u00f3gico San Jos\u00e9, desarrollada por m\u00e1s de siete a\u00f1os por el Matron Benito Rivera, est\u00e1 enfocada en entregar un servicio de calidad en todo el ciclo vital de la mujer, en especial en las etapas de mayores cambios,&nbsp;esto es adolescencia, juventud,&nbsp;control del embarazo y menopausia. Como centro de salud&nbsp;sabemos lo [&hellip;]<\/p>\n","protected":false},"author":1,"featured_media":0,"parent":0,"menu_order":0,"comment_status":"closed","ping_status":"closed","template":"","meta":{"spay_email":"","footnotes":""},"class_list":["post-73","page","type-page","status-publish","hentry"],"yoast_head":"<!-- This site is optimized with the Yoast SEO plugin v14.4.1 - https:\/\/yoast.com\/wordpress\/plugins\/seo\/ -->\n<title>Ginecolog\u00eda - Centro M\u00e9dico y Odontol\u00f3gico San Jos\u00e9<\/title>\n<meta name=\"robots\" content=\"index, follow\" \/>\n<meta name=\"googlebot\" content=\"index, follow, max-snippet:-1, max-image-preview:large, max-video-preview:-1\" \/>\n<meta name=\"bingbot\" content=\"index, follow, max-snippet:-1, max-image-preview:large, max-video-preview:-1\" \/>\n<link rel=\"canonical\" href=\"http:\/\/www.centromedicomariquina.cl\/index.php\/ginecologia\/\" \/>\n<meta property=\"og:locale\" content=\"es_ES\" \/>\n<meta property=\"og:type\" content=\"article\" \/>\n<meta property=\"og:title\" content=\"Consulta con Matr\u00f3n, control de embarazo, tratamientos anticonceptivos, ecograf\u00edas ginecol\u00f3gicas, y de embarazo.\" \/>\n<meta property=\"og:description\" content=\"Centro M\u00e9dico y Odontologico San Jos\u00e9 ofrece a la comunidad de San Jos\u00e9 y alrededores un completo servicio gineco-obstetra a cargo del reconocido matron Benito Rivera: Control de embarazo, m\u00e9todos anticonceptivos, extracci\u00f3n e inserci\u00f3n de implantes subd\u00e9rmicos e intrauterinos, ecograf\u00edas ginecol\u00f3gicas, de embarazo, 3D y Doppler, derivaci\u00f3n directa con especialistas del \u00e1rea entre otros servicios.\" \/>\n<meta property=\"og:url\" content=\"http:\/\/www.centromedicomariquina.cl\/index.php\/ginecologia\/\" \/>\n<meta property=\"og:site_name\" content=\"Centro M\u00e9dico y Odontol\u00f3gico San Jos\u00e9\" \/>\n<meta property=\"article:modified_time\" content=\"2021-01-03T20:18:18+00:00\" \/>\n<meta property=\"og:image\" content=\"https:\/\/www.centromedicomariquina.cl\/wp-content\/uploads\/2019\/06\/DSC03314.jpg\" \/>\n\t<meta property=\"og:image:width\" content=\"1228\" \/>\n\t<meta property=\"og:image:height\" content=\"690\" \/>\n<meta name=\"twitter:card\" content=\"summary_large_image\" \/>\n<script type=\"application\/ld+json\" class=\"yoast-schema-graph\">{\"@context\":\"https:\/\/schema.org\",\"@graph\":[{\"@type\":\"WebSite\",\"@id\":\"https:\/\/www.centromedicomariquina.cl\/#website\",\"url\":\"https:\/\/www.centromedicomariquina.cl\/\",\"name\":\"Centro M\\u00e9dico y Odontol\\u00f3gico San Jos\\u00e9\",\"description\":\"\",\"potentialAction\":[{\"@type\":\"SearchAction\",\"target\":\"https:\/\/www.centromedicomariquina.cl\/?s={search_term_string}\",\"query-input\":\"required name=search_term_string\"}],\"inLanguage\":\"es-CL\"},{\"@type\":\"ImageObject\",\"@id\":\"http:\/\/www.centromedicomariquina.cl\/index.php\/ginecologia\/#primaryimage\",\"inLanguage\":\"es-CL\",\"url\":\"http:\/\/www.centromedicosanjoseweb.com\/wp-content\/uploads\/2019\/02\/DSC03179.jpg\"},{\"@type\":\"WebPage\",\"@id\":\"http:\/\/www.centromedicomariquina.cl\/index.php\/ginecologia\/#webpage\",\"url\":\"http:\/\/www.centromedicomariquina.cl\/index.php\/ginecologia\/\",\"name\":\"Ginecolog\\u00eda - Centro M\\u00e9dico y Odontol\\u00f3gico San Jos\\u00e9\",\"isPartOf\":{\"@id\":\"https:\/\/www.centromedicomariquina.cl\/#website\"},\"primaryImageOfPage\":{\"@id\":\"http:\/\/www.centromedicomariquina.cl\/index.php\/ginecologia\/#primaryimage\"},\"datePublished\":\"2019-02-03T01:41:54+00:00\",\"dateModified\":\"2021-01-03T20:18:18+00:00\",\"inLanguage\":\"es-CL\",\"potentialAction\":[{\"@type\":\"ReadAction\",\"target\":[\"http:\/\/www.centromedicomariquina.cl\/index.php\/ginecologia\/\"]}]}]}<\/script>\n<!-- \/ Yoast SEO plugin. -->","jetpack_shortlink":"https:\/\/wp.me\/Pb2D0S-1b","jetpack_sharing_enabled":true,"_links":{"self":[{"href":"https:\/\/www.centromedicomariquina.cl\/index.php\/wp-json\/wp\/v2\/pages\/73","targetHints":{"allow":["GET"]}}],"collection":[{"href":"https:\/\/www.centromedicomariquina.cl\/index.php\/wp-json\/wp\/v2\/pages"}],"about":[{"href":"https:\/\/www.centromedicomariquina.cl\/index.php\/wp-json\/wp\/v2\/types\/page"}],"author":[{"embeddable":true,"href":"https:\/\/www.centromedicomariquina.cl\/index.php\/wp-json\/wp\/v2\/users\/1"}],"replies":[{"embeddable":true,"href":"https:\/\/www.centromedicomariquina.cl\/index.php\/wp-json\/wp\/v2\/comments?post=73"}],"version-history":[{"count":6,"href":"https:\/\/www.centromedicomariquina.cl\/index.php\/wp-json\/wp\/v2\/pages\/73\/revisions"}],"predecessor-version":[{"id":1180,"href":"https:\/\/www.centromedicomariquina.cl\/index.php\/wp-json\/wp\/v2\/pages\/73\/revisions\/1180"}],"wp:attachment":[{"href":"https:\/\/www.centromedicomariquina.cl\/index.php\/wp-json\/wp\/v2\/media?parent=73"}],"curies":[{"name":"wp","href":"https:\/\/api.w.org\/{rel}","templated":true}]}}