{"id":751,"date":"2019-06-08T19:45:44","date_gmt":"2019-06-08T19:45:44","guid":{"rendered":"http:\/\/www.centromedicosanjoseweb.com\/?page_id=751"},"modified":"2019-06-28T14:22:45","modified_gmt":"2019-06-28T14:22:45","slug":"quienes-somos","status":"publish","type":"page","link":"https:\/\/www.centromedicomariquina.cl\/index.php\/quienes-somos\/","title":{"rendered":"Quienes somos"},"content":{"rendered":"\n<div class=\"alignnormal\"><div id=\"metaslider-id-44\" style=\"max-width: 800px; margin: 0 auto;\" class=\"ml-slider-3-16-4 metaslider metaslider-flex metaslider-44 ml-slider ms-theme-outline has-dots-nav\">\n    <div id=\"metaslider_container_44\">\n        <div id=\"metaslider_44\">\n            <ul aria-live=\"polite\" class=\"slides\">\n                <li style=\"display: block; width: 100%;\" class=\"slide-60 ms-image\"><img loading=\"lazy\" decoding=\"async\" src=\"https:\/\/www.centromedicomariquina.cl\/wp-content\/uploads\/2019\/06\/IMG_20190606_121656834-e1559843295648-800x450.jpg\" height=\"450\" width=\"800\" alt=\"\" class=\"slider-44 slide-60\" title=\"IMG_20190606_121656834\" \/><\/li>\n                <li style=\"display: none; width: 100%;\" class=\"slide-61 ms-image\"><img loading=\"lazy\" decoding=\"async\" src=\"https:\/\/www.centromedicomariquina.cl\/wp-content\/uploads\/2019\/05\/DSC03329-800x450.jpg\" height=\"450\" width=\"800\" alt=\"\" class=\"slider-44 slide-61\" title=\"DSC03329\" \/><\/li>\n            <\/ul>\n        <\/div>\n        \n    <\/div>\n<\/div><\/div>\n\n\n\n<p><\/p>\n\n\n\n<p>Centro M\u00e9dico y Odontol\u00f3gico San Jos\u00e9, se encuentra ubicado en el coraz\u00f3n de la comuna de San Jos\u00e9 de la Mariquina, en calle Padre Pl\u00e1cido 141, a pasos de la plaza de armas, frente al colegio Valle de Mariquina. <\/p>\n\n\n\n<p>Nuestro proyecto nace el a\u00f1o 2012 como el primer\ncentro de atenci\u00f3n sanitaria particular de la comuna, entregando inicialmente atenci\u00f3n\nen las \u00e1reas de Medicina y Ginecolog\u00eda, para prontamente expandir nuestra atenci\u00f3n\na otros \u00e1mbitos de la salud. Odontolog\u00eda, kinesiolog\u00eda, Psicolog\u00eda, entre\notras. <\/p>\n\n\n\n<p>Actualmente, y con m\u00e1s de ocho a\u00f1os de funcionamiento\nsomos un Centro de salud integrado, que atiende las principales demandas de la poblaci\u00f3n\nde la comuna y alrededores, ofreciendo atenci\u00f3n y servicios en las siguientes \u00e1reas:\n<\/p>\n\n\n\n<p><strong>Medicina\nGeneral<\/strong>: Consulta m\u00e9dica, informes m\u00e9dicos de\nsalud compatible, procedimientos en cirug\u00eda menor, toma de electrocardiogramas,\nlavado de o\u00eddos y curaciones entre otros)<\/p>\n\n\n\n<p><strong>Odontolog\u00eda: <\/strong>Evaluaci\u00f3n, destartraje y profilaxis (limpieza), restauraciones (tapaduras) exodoncias (extracciones) endodoncias (tratamiento de conducto), Tratamiento de Brackets (frenillos), coronas e incrustaciones, pr\u00f3tesis totales y parciales de base acr\u00edlica o met\u00e1lica, blanqueamientos, tratamientos preventivos como aplicaci\u00f3n de sellantes, fluoraci\u00f3n y educaci\u00f3n. <\/p>\n\n\n\n<p><strong>Gineco-\nobstetra: <\/strong>Consulta con Matr\u00f3n, ecograf\u00edas ginecolog\u00edas,\necograf\u00edas obst\u00e9tricas 2D y ecograf\u00edas obst\u00e9tricas 3D y Doppler. <\/p>\n\n\n\n<p><strong>Kinesiolog\u00eda:\n<\/strong>Evaluaci\u00f3n,Tratamiento y rehabilitaci\u00f3n para pacientes con patolog\u00edas musculoesquel\u00e9ticas,\nneurol\u00f3gicas y respiratorias, as\u00ed como planes de tratamientos preventivos a pacientes\ncon perdida de movilidad.<\/p>\n\n\n\n<p><strong>Psicolog\u00eda:\n<\/strong>Consulta, pruebas especiales,\ninformes. <\/p>\n\n\n\n<p><strong>Podolog\u00eda:\n<\/strong>Podolog\u00eda cl\u00ednica, corte, limado, exfoliaci\u00f3n,\ntratamientos a pacientes con pie diab\u00e9tico y hongos.<\/p>\n\n\n\n<p><strong>Convenio\ncon laboratorio cl\u00ednico Quiolab:<\/strong>\nToma y an\u00e1lisis de muestras (sangre, orina, eces).<\/p>\n\n\n\n<p>A la gran mayor\u00eda de nuestras prestaciones accedes\nmediante bonos FONASA los que compras en nuestras dependencias. <\/p>\n","protected":false},"excerpt":{"rendered":"<p>Centro M\u00e9dico y Odontol\u00f3gico San Jos\u00e9, se encuentra ubicado en el coraz\u00f3n de la comuna de San Jos\u00e9 de la Mariquina, en calle Padre Pl\u00e1cido 141, a pasos de la plaza de armas, frente al colegio Valle de Mariquina. Nuestro proyecto nace el a\u00f1o 2012 como el primer centro de atenci\u00f3n sanitaria particular de la [&hellip;]<\/p>\n","protected":false},"author":4,"featured_media":0,"parent":0,"menu_order":0,"comment_status":"closed","ping_status":"closed","template":"","meta":{"spay_email":"","footnotes":""},"class_list":["post-751","page","type-page","status-publish","hentry"],"yoast_head":"<!-- This site is optimized with the Yoast SEO plugin v14.4.1 - https:\/\/yoast.com\/wordpress\/plugins\/seo\/ -->\n<title>Quienes somos - Centro M\u00e9dico y Odontol\u00f3gico San Jos\u00e9<\/title>\n<meta name=\"robots\" content=\"index, follow\" \/>\n<meta name=\"googlebot\" content=\"index, follow, max-snippet:-1, max-image-preview:large, max-video-preview:-1\" \/>\n<meta name=\"bingbot\" content=\"index, follow, max-snippet:-1, max-image-preview:large, max-video-preview:-1\" \/>\n<link rel=\"canonical\" href=\"https:\/\/www.centromedicomariquina.cl\/index.php\/quienes-somos\/\" \/>\n<meta property=\"og:locale\" content=\"es_ES\" \/>\n<meta property=\"og:type\" content=\"article\" \/>\n<meta property=\"og:title\" content=\"Quienes somos - Centro M\u00e9dico y Odontol\u00f3gico San Jos\u00e9\" \/>\n<meta property=\"og:description\" content=\"Centro M\u00e9dico y Odontol\u00f3gico San Jos\u00e9, se encuentra ubicado en el coraz\u00f3n de la comuna de San Jos\u00e9 de la Mariquina, en calle Padre Pl\u00e1cido 141, a pasos de la plaza de armas, frente al colegio Valle de Mariquina. Nuestro proyecto nace el a\u00f1o 2012 como el primer centro de atenci\u00f3n sanitaria particular de la [&hellip;]\" \/>\n<meta property=\"og:url\" content=\"https:\/\/www.centromedicomariquina.cl\/index.php\/quienes-somos\/\" \/>\n<meta property=\"og:site_name\" content=\"Centro M\u00e9dico y Odontol\u00f3gico San Jos\u00e9\" \/>\n<meta property=\"article:modified_time\" content=\"2019-06-28T14:22:45+00:00\" \/>\n<meta name=\"twitter:card\" content=\"summary_large_image\" \/>\n<script type=\"application\/ld+json\" class=\"yoast-schema-graph\">{\"@context\":\"https:\/\/schema.org\",\"@graph\":[{\"@type\":\"WebSite\",\"@id\":\"https:\/\/www.centromedicomariquina.cl\/#website\",\"url\":\"https:\/\/www.centromedicomariquina.cl\/\",\"name\":\"Centro M\\u00e9dico y Odontol\\u00f3gico San Jos\\u00e9\",\"description\":\"\",\"potentialAction\":[{\"@type\":\"SearchAction\",\"target\":\"https:\/\/www.centromedicomariquina.cl\/?s={search_term_string}\",\"query-input\":\"required name=search_term_string\"}],\"inLanguage\":\"es-CL\"},{\"@type\":\"WebPage\",\"@id\":\"https:\/\/www.centromedicomariquina.cl\/index.php\/quienes-somos\/#webpage\",\"url\":\"https:\/\/www.centromedicomariquina.cl\/index.php\/quienes-somos\/\",\"name\":\"Quienes somos - Centro M\\u00e9dico y Odontol\\u00f3gico San Jos\\u00e9\",\"isPartOf\":{\"@id\":\"https:\/\/www.centromedicomariquina.cl\/#website\"},\"datePublished\":\"2019-06-08T19:45:44+00:00\",\"dateModified\":\"2019-06-28T14:22:45+00:00\",\"inLanguage\":\"es-CL\",\"potentialAction\":[{\"@type\":\"ReadAction\",\"target\":[\"https:\/\/www.centromedicomariquina.cl\/index.php\/quienes-somos\/\"]}]}]}<\/script>\n<!-- \/ Yoast SEO plugin. -->","jetpack_shortlink":"https:\/\/wp.me\/Pb2D0S-c7","jetpack_sharing_enabled":true,"_links":{"self":[{"href":"https:\/\/www.centromedicomariquina.cl\/index.php\/wp-json\/wp\/v2\/pages\/751","targetHints":{"allow":["GET"]}}],"collection":[{"href":"https:\/\/www.centromedicomariquina.cl\/index.php\/wp-json\/wp\/v2\/pages"}],"about":[{"href":"https:\/\/www.centromedicomariquina.cl\/index.php\/wp-json\/wp\/v2\/types\/page"}],"author":[{"embeddable":true,"href":"https:\/\/www.centromedicomariquina.cl\/index.php\/wp-json\/wp\/v2\/users\/4"}],"replies":[{"embeddable":true,"href":"https:\/\/www.centromedicomariquina.cl\/index.php\/wp-json\/wp\/v2\/comments?post=751"}],"version-history":[{"count":7,"href":"https:\/\/www.centromedicomariquina.cl\/index.php\/wp-json\/wp\/v2\/pages\/751\/revisions"}],"predecessor-version":[{"id":1031,"href":"https:\/\/www.centromedicomariquina.cl\/index.php\/wp-json\/wp\/v2\/pages\/751\/revisions\/1031"}],"wp:attachment":[{"href":"https:\/\/www.centromedicomariquina.cl\/index.php\/wp-json\/wp\/v2\/media?parent=751"}],"curies":[{"name":"wp","href":"https:\/\/api.w.org\/{rel}","templated":true}]}}