{"id":86,"date":"2019-02-03T15:17:08","date_gmt":"2019-02-03T15:17:08","guid":{"rendered":"http:\/\/www.centromedicosanjose.cl\/?page_id=86"},"modified":"2019-09-06T15:28:49","modified_gmt":"2019-09-06T15:28:49","slug":"odontologia","status":"publish","type":"page","link":"https:\/\/www.centromedicomariquina.cl\/index.php\/odontologia\/","title":{"rendered":"Odontolog\u00eda"},"content":{"rendered":"\n<div class=\"alignnormal\"><div id=\"metaslider-id-283\" style=\"max-width: 800px; margin: 0 auto;\" class=\"ml-slider-3-16-4 metaslider metaslider-flex metaslider-283 ml-slider\">\n    <div id=\"metaslider_container_283\">\n        <div id=\"metaslider_283\">\n            <ul aria-live=\"polite\" class=\"slides\">\n                <li style=\"display: block; width: 100%;\" class=\"slide-310 ms-image\"><img loading=\"lazy\" decoding=\"async\" src=\"https:\/\/www.centromedicomariquina.cl\/wp-content\/uploads\/2019\/05\/DSC03333-800x450.jpg\" height=\"450\" width=\"800\" alt=\"\" class=\"slider-283 slide-310\" title=\"DSC03333\" \/><\/li>\n                <li style=\"display: none; width: 100%;\" class=\"slide-312 ms-image\"><img loading=\"lazy\" decoding=\"async\" src=\"https:\/\/www.centromedicomariquina.cl\/wp-content\/uploads\/2019\/06\/DSC03330-800x450.jpg\" height=\"450\" width=\"800\" alt=\"\" class=\"slider-283 slide-312\" title=\"DSC03330\" \/><\/li>\n                <li style=\"display: none; width: 100%;\" class=\"slide-876 ms-image\"><img loading=\"lazy\" decoding=\"async\" src=\"https:\/\/www.centromedicomariquina.cl\/wp-content\/uploads\/2019\/06\/7-fases-ortodoncia-640x300-533x300.jpg\" height=\"450\" width=\"800\" alt=\"\" class=\"slider-283 slide-876\" title=\"7-fases-ortodoncia-640x300\" \/><\/li>\n                <li style=\"display: none; width: 100%;\" class=\"slide-878 ms-image\"><img loading=\"lazy\" decoding=\"async\" src=\"https:\/\/www.centromedicomariquina.cl\/wp-content\/uploads\/2019\/02\/dentista-pamela-ahumada-trivin\u0303o-800x450.jpg\" height=\"450\" width=\"800\" alt=\"\" class=\"slider-283 slide-878\" title=\"dentista pamela ahumada trivin\u0303o\" \/><\/li>\n                <li style=\"display: none; width: 100%;\" class=\"slide-879 ms-image\"><img loading=\"lazy\" decoding=\"async\" src=\"https:\/\/www.centromedicomariquina.cl\/wp-content\/uploads\/2019\/06\/DSC03349-800x450.jpg\" height=\"450\" width=\"800\" alt=\"\" class=\"slider-283 slide-879\" title=\"DSC03349\" \/><\/li>\n            <\/ul>\n        <\/div>\n        \n    <\/div>\n<\/div><\/div>\n\n\n\n<p>Centro M\u00e9dico y Odontol\u00f3gico San Jos\u00e9, ofrece un servicio dental que&nbsp;garantiza&nbsp;a todos nuestros&nbsp;usuarios presupuestos acordes al bolsillo de cada persona, es ingrato recibir presupuestos y evaluaciones de otras cl\u00ednicas con valores exorbitantes en procedimientos sencillos y que no conllevan un mayor costo procedimental.&nbsp;Sabemos&nbsp;que en Chile&nbsp;la salud dental privada&nbsp;no es econ\u00f3mica&nbsp;y que no est\u00e1 al alcance de todos, por lo mismo nuestro esfuerzo se enfoca en atender a aquellos pacientes que&nbsp;ya han sido evaluados en otros lugares y que por los altos costos no toman los&nbsp;tratamientos,&nbsp;as\u00ed como a aquellos que asisten&nbsp;a la consulta por urgencias o por tratamientos que podemos abordar. Nuestro equipo de odont\u00f3logos&nbsp;estan&nbsp;altamente comprometidos con la salud dental de sus pacientes y ofrecen un canal de comunicaci\u00f3n directa con ellos, puedes escribirles&nbsp;a&nbsp;<a href=\"mailto:dental@centromedicosanjose.cl\">dental@centromedicosanjoseweb.com<\/a>&nbsp;y resolver tus dudas e inquietudes.&nbsp;<\/p>\n\n\n\n<p>La odontolog\u00eda hoy en&nbsp;d\u00eda&nbsp;se enfoca en salvar la mayor cantidad de dientes que est\u00e9n afectados en la boca, mediante tratamientos de conducto y otros procedimientos que permiten salvar piezas dentales&nbsp;en lugar de extraerlas y tratarlas con implantes u otros mecanismos similares mucho m\u00e1s invasivos y costosos.<\/p>\n\n\n\n<p>Actualmente nuestros cinco dentistas ofrecen:<\/p>\n\n\n\n<p>Ortodoncia (brackets, frenillos)<\/p>\n\n\n\n<p>Destartraje&nbsp;y profilaxis (limpiezas)<\/p>\n\n\n\n<p>Restauraciones (tapaduras)<\/p>\n\n\n\n<p>Blanqueamiento l\u00e1ser y otros similares.<\/p>\n\n\n\n<p>Endodoncias&nbsp;(tratamiento de conducto)<\/p>\n\n\n\n<p>Exodoncias.<\/p>\n\n\n\n<p>Confecci\u00f3n y\/o reparaci\u00f3n de pr\u00f3tesis dentales&nbsp;(parciales y totales, de base met\u00e1lica y acr\u00edlica)<\/p>\n\n\n\n<p>Tratamientos preventivos como la aplicaci\u00f3n de sellantes, fluorizaci\u00f3n y educaci\u00f3n personalizada en cada visita.<\/p>\n\n\n\n<p>Coronas e incrustaciones.&nbsp;<\/p>\n\n\n\n<p>Todas estas atenciones se hacen de forma particular y las puedes pagar con tarjetas de cr\u00e9dito, debito o efectivo, no es necesario cancelar el valor de un tratamiento al inicio, nuestra relaci\u00f3n con los pacientes nos ha ense\u00f1ado que la mejor forma de hacer los pagos es mediante cada sesi\u00f3n seg\u00fan la acci\u00f3n realizada.&nbsp;<\/p>\n\n\n\n<div class=\"wp-block-image\"><figure class=\"aligncenter\"><img loading=\"lazy\" decoding=\"async\" width=\"1024\" height=\"575\" src=\"http:\/\/www.centromedicosanjoseweb.com\/wp-content\/uploads\/2019\/06\/DSC03330-1024x575.jpg\" alt=\"\" class=\"wp-image-861\" srcset=\"https:\/\/www.centromedicomariquina.cl\/wp-content\/uploads\/2019\/06\/DSC03330-1024x575.jpg 1024w, https:\/\/www.centromedicomariquina.cl\/wp-content\/uploads\/2019\/06\/DSC03330-300x169.jpg 300w, https:\/\/www.centromedicomariquina.cl\/wp-content\/uploads\/2019\/06\/DSC03330-768x432.jpg 768w, https:\/\/www.centromedicomariquina.cl\/wp-content\/uploads\/2019\/06\/DSC03330-800x450.jpg 800w, https:\/\/www.centromedicomariquina.cl\/wp-content\/uploads\/2019\/06\/DSC03330-620x349.jpg 620w, https:\/\/www.centromedicomariquina.cl\/wp-content\/uploads\/2019\/06\/DSC03330-400x225.jpg 400w, https:\/\/www.centromedicomariquina.cl\/wp-content\/uploads\/2019\/06\/DSC03330.jpg 1228w\" sizes=\"auto, (max-width: 1024px) 100vw, 1024px\" \/><\/figure><\/div>\n","protected":false},"excerpt":{"rendered":"<p>Centro M\u00e9dico y Odontol\u00f3gico San Jos\u00e9, ofrece un servicio dental que&nbsp;garantiza&nbsp;a todos nuestros&nbsp;usuarios presupuestos acordes al bolsillo de cada persona, es ingrato recibir presupuestos y evaluaciones de otras cl\u00ednicas con valores exorbitantes en procedimientos sencillos y que no conllevan un mayor costo procedimental.&nbsp;Sabemos&nbsp;que en Chile&nbsp;la salud dental privada&nbsp;no es econ\u00f3mica&nbsp;y que no est\u00e1 al alcance [&hellip;]<\/p>\n","protected":false},"author":1,"featured_media":0,"parent":0,"menu_order":0,"comment_status":"closed","ping_status":"closed","template":"","meta":{"spay_email":"","footnotes":""},"class_list":["post-86","page","type-page","status-publish","hentry"],"yoast_head":"<!-- This site is optimized with the Yoast SEO plugin v14.4.1 - https:\/\/yoast.com\/wordpress\/plugins\/seo\/ -->\n<title>Odontolog\u00eda - Centro M\u00e9dico y Odontol\u00f3gico San Jos\u00e9<\/title>\n<meta name=\"robots\" content=\"index, follow\" \/>\n<meta name=\"googlebot\" content=\"index, follow, max-snippet:-1, max-image-preview:large, max-video-preview:-1\" \/>\n<meta name=\"bingbot\" content=\"index, follow, max-snippet:-1, max-image-preview:large, max-video-preview:-1\" \/>\n<link rel=\"canonical\" href=\"http:\/\/www.centromedicomariquina.cl\/index.php\/odontologia\/\" \/>\n<meta property=\"og:locale\" content=\"es_ES\" \/>\n<meta property=\"og:type\" content=\"article\" \/>\n<meta property=\"og:title\" content=\"Clinica Dental San Jos\u00e9.\" \/>\n<meta property=\"og:description\" content=\"Servicios: Ortodoncia (brackets, frenillos), Urgencia dental, Destartraje y profilaxis (limpiezas), Restauraciones (tapaduras), Blanqueamiento l\u00e1ser y otros similares, Endodoncias (tratamiento de conducto), Exodoncias, Confecci\u00f3n y\/o reparaci\u00f3n de pr\u00f3tesis dentales (parciales y totales, de base met\u00e1lica y acr\u00edlica), Tratamientos preventivos como la aplicaci\u00f3n de sellantes, fluorizaci\u00f3n y educaci\u00f3n personalizada en cada visita, Coronas e incrustaciones.\" \/>\n<meta property=\"og:url\" content=\"http:\/\/www.centromedicomariquina.cl\/index.php\/odontologia\/\" \/>\n<meta property=\"og:site_name\" content=\"Centro M\u00e9dico y Odontol\u00f3gico San Jos\u00e9\" \/>\n<meta property=\"article:modified_time\" content=\"2019-09-06T15:28:49+00:00\" \/>\n<meta property=\"og:image\" content=\"https:\/\/www.centromedicomariquina.cl\/wp-content\/uploads\/2019\/06\/DSC03336.jpg\" \/>\n\t<meta property=\"og:image:width\" content=\"690\" \/>\n\t<meta property=\"og:image:height\" content=\"1228\" \/>\n<meta name=\"twitter:card\" content=\"summary_large_image\" \/>\n<script type=\"application\/ld+json\" class=\"yoast-schema-graph\">{\"@context\":\"https:\/\/schema.org\",\"@graph\":[{\"@type\":\"WebSite\",\"@id\":\"https:\/\/www.centromedicomariquina.cl\/#website\",\"url\":\"https:\/\/www.centromedicomariquina.cl\/\",\"name\":\"Centro M\\u00e9dico y Odontol\\u00f3gico San Jos\\u00e9\",\"description\":\"\",\"potentialAction\":[{\"@type\":\"SearchAction\",\"target\":\"https:\/\/www.centromedicomariquina.cl\/?s={search_term_string}\",\"query-input\":\"required name=search_term_string\"}],\"inLanguage\":\"es-CL\"},{\"@type\":\"ImageObject\",\"@id\":\"http:\/\/www.centromedicomariquina.cl\/index.php\/odontologia\/#primaryimage\",\"inLanguage\":\"es-CL\",\"url\":\"http:\/\/www.centromedicosanjoseweb.com\/wp-content\/uploads\/2019\/06\/DSC03330-1024x575.jpg\"},{\"@type\":\"WebPage\",\"@id\":\"http:\/\/www.centromedicomariquina.cl\/index.php\/odontologia\/#webpage\",\"url\":\"http:\/\/www.centromedicomariquina.cl\/index.php\/odontologia\/\",\"name\":\"Odontolog\\u00eda - Centro M\\u00e9dico y Odontol\\u00f3gico San Jos\\u00e9\",\"isPartOf\":{\"@id\":\"https:\/\/www.centromedicomariquina.cl\/#website\"},\"primaryImageOfPage\":{\"@id\":\"http:\/\/www.centromedicomariquina.cl\/index.php\/odontologia\/#primaryimage\"},\"datePublished\":\"2019-02-03T15:17:08+00:00\",\"dateModified\":\"2019-09-06T15:28:49+00:00\",\"inLanguage\":\"es-CL\",\"potentialAction\":[{\"@type\":\"ReadAction\",\"target\":[\"http:\/\/www.centromedicomariquina.cl\/index.php\/odontologia\/\"]}]}]}<\/script>\n<!-- \/ Yoast SEO plugin. -->","jetpack_shortlink":"https:\/\/wp.me\/Pb2D0S-1o","jetpack_sharing_enabled":true,"_links":{"self":[{"href":"https:\/\/www.centromedicomariquina.cl\/index.php\/wp-json\/wp\/v2\/pages\/86","targetHints":{"allow":["GET"]}}],"collection":[{"href":"https:\/\/www.centromedicomariquina.cl\/index.php\/wp-json\/wp\/v2\/pages"}],"about":[{"href":"https:\/\/www.centromedicomariquina.cl\/index.php\/wp-json\/wp\/v2\/types\/page"}],"author":[{"embeddable":true,"href":"https:\/\/www.centromedicomariquina.cl\/index.php\/wp-json\/wp\/v2\/users\/1"}],"replies":[{"embeddable":true,"href":"https:\/\/www.centromedicomariquina.cl\/index.php\/wp-json\/wp\/v2\/comments?post=86"}],"version-history":[{"count":25,"href":"https:\/\/www.centromedicomariquina.cl\/index.php\/wp-json\/wp\/v2\/pages\/86\/revisions"}],"predecessor-version":[{"id":1104,"href":"https:\/\/www.centromedicomariquina.cl\/index.php\/wp-json\/wp\/v2\/pages\/86\/revisions\/1104"}],"wp:attachment":[{"href":"https:\/\/www.centromedicomariquina.cl\/index.php\/wp-json\/wp\/v2\/media?parent=86"}],"curies":[{"name":"wp","href":"https:\/\/api.w.org\/{rel}","templated":true}]}}